{"id":16520,"date":"2024-01-10T16:44:47","date_gmt":"2024-01-10T15:44:47","guid":{"rendered":"https:\/\/conciergerie-capferret.com\/?post_type=product&#038;p=16520"},"modified":"2024-02-12T12:22:09","modified_gmt":"2024-02-12T11:22:09","slug":"preparation-of-the-property-for-upcoming-stays-copie","status":"publish","type":"product","link":"https:\/\/conciergerie-capferret.com\/en\/service\/preparation-of-the-property-for-upcoming-stays-copie\/","title":{"rendered":"Pool maintenance"},"content":{"rendered":"<div class=\"fusion-fullwidth fullwidth-box fusion-builder-row-1 fusion-flex-container nonhundred-percent-fullwidth non-hundred-percent-height-scrolling\" style=\"--awb-border-radius-top-left:0px;--awb-border-radius-top-right:0px;--awb-border-radius-bottom-right:0px;--awb-border-radius-bottom-left:0px;--awb-padding-top:0px;--awb-padding-right:0px;--awb-padding-bottom:0px;--awb-padding-left:0px;--awb-flex-wrap:wrap;\" ><div class=\"fusion-builder-row fusion-row fusion-flex-align-items-flex-start fusion-flex-content-wrap\" style=\"max-width:1430px;margin-left: calc(-4% \/ 2 );margin-right: calc(-4% \/ 2 );\"><div class=\"fusion-layout-column fusion_builder_column fusion-builder-column-0 fusion_builder_column_1_1 1_1 fusion-flex-column\" style=\"--awb-bg-size:cover;--awb-width-large:100%;--awb-margin-top-large:0px;--awb-spacing-right-large:1.92%;--awb-margin-bottom-large:0px;--awb-spacing-left-large:1.92%;--awb-width-medium:100%;--awb-spacing-right-medium:1.92%;--awb-spacing-left-medium:1.92%;--awb-width-small:100%;--awb-spacing-right-small:1.92%;--awb-spacing-left-small:1.92%;\"><div class=\"fusion-column-wrapper fusion-flex-justify-content-flex-start fusion-content-layout-column\"><div class=\"fusion-text fusion-text-1\"><p>Discover the swimming pool maintenance service offered by La Conciergerie de la Presqu\u2019\u00eele in Cap Ferret, dedicated to professional cleaning and balancing your pool. Our experienced team is committed to maintaining the water in your pool crystal clear, ready to welcome your moments of relaxation with family or friends.<\/p>\n<p><strong>Services Included:<\/strong><\/p>\n<p><strong>Thorough Cleaning:<\/strong> Our qualified technicians will ensure that all debris, leaves and impurities are removed from your pool, leaving the water clear and inviting.<\/p>\n<p><strong>Chemical Balancing:<\/strong> We carefully monitor and adjust pH levels, chlorine levels and other parameters to ensure water is balanced, healthy and comfortable.<\/p>\n<\/div><div class=\"fusion-title title fusion-title-1 fusion-sep-none fusion-title-text fusion-title-size-three\"><h3 class=\"fusion-title-heading title-heading-left\" style=\"margin:0;\">The Conciergerie de la Presqu\u2019\u00eele also offers:<\/h3><\/div><div class=\"fusion-text fusion-text-2\"><p><strong>Pool Openings and Closures<\/strong><\/p>\n<p>In addition to our regular maintenance service, La Conciergerie de la Presqu\u2019\u00eele offers you the opportunity to further simplify your life. Entrust us with the opening and closing of your pool for a smooth transition between seasons. Whether welcoming summer with a pool ready to dive into or winterizing your facility securely, our team will take care of every detail.<\/p>\n<p>The pool opening package includes: complete cleaning of the apron, restarting the filtration, complete cleaning of the pool, chemical balancing or salt balancing, preparation for restarting the heat pump.<\/p>\n<p>The pool closing package includes: wintering of the heat pump, cleaning and closing of the pool.<\/p>\n<p>Opt for peace of mind with La Conciergerie de la Presqu\u2019\u00eele.<\/p>\n<p>Contact us now to customize a maintenance plan adapted to your pool.<\/p>\n<\/div><\/div><\/div><\/div><\/div>\n","protected":false},"excerpt":{"rendered":"<p><strong>This service is reserved exclusively for clients of the Agence Immobili\u00e8re de la Presqu\u2019\u00cele and <a href=\"https:\/\/conciergerie-capferret.com\/services-proprietaires\/#formules\">proprietary options<\/a>.<\/strong><\/p>\n<p>Immerse yourself in tranquility and with complete confidence in the maintenance of your pool at La Conciergerie de la Presqu\u2019\u00eele. Our dedicated team provides you with a swimming pool maintenance service* all year round, and offers you the opening and closing of the pool.<\/p>\n<p style=\"font-size: 14px;\">*<em>This includes<\/em> pool cleaning and chemical balancing: we ensure thorough cleaning of your pool and filters, as well as checking the chemical levels of your pool.<\/p>\n","protected":false},"featured_media":16090,"template":"","meta":[],"product_cat":[212,211],"product_tag":[],"class_list":["post-16520","product","type-product","status-publish","has-post-thumbnail","hentry","product_cat-available-services","product_cat-owner","wcpa_has_options"],"yoast_head":"<!-- This site is optimized with the Yoast SEO plugin v21.5 - https:\/\/yoast.com\/wordpress\/plugins\/seo\/ -->\n<title>Pool maintenance - Conciergerie de la Presqu&#039;\u00eele du Cap Ferret<\/title>\n<meta name=\"description\" content=\"Immerse yourself in tranquility and with complete confidence in the maintenance of your pool at La Conciergerie de la Presqu\u2019\u00eele. Our dedicated team provides you with a pool maintenance service, ensuring that your pool area remains a haven of relaxation all year round\" \/>\n<meta name=\"robots\" content=\"index, follow, max-snippet:-1, max-image-preview:large, max-video-preview:-1\" \/>\n<link rel=\"canonical\" href=\"https:\/\/conciergerie-capferret.com\/en\/service\/preparation-of-the-property-for-upcoming-stays-copie\/\" \/>\n<meta property=\"og:locale\" content=\"en_US\" \/>\n<meta property=\"og:type\" content=\"article\" \/>\n<meta property=\"og:title\" content=\"Pool maintenance - Conciergerie de la Presqu&#039;\u00eele du Cap Ferret\" \/>\n<meta property=\"og:description\" content=\"Immerse yourself in tranquility and with complete confidence in the maintenance of your pool at La Conciergerie de la Presqu\u2019\u00eele. Our dedicated team provides you with a pool maintenance service, ensuring that your pool area remains a haven of relaxation all year round\" \/>\n<meta property=\"og:url\" content=\"https:\/\/conciergerie-capferret.com\/en\/service\/preparation-of-the-property-for-upcoming-stays-copie\/\" \/>\n<meta property=\"og:site_name\" content=\"Conciergerie de la Presqu&#039;\u00eele du Cap Ferret\" \/>\n<meta property=\"article:publisher\" content=\"https:\/\/www.facebook.com\/Conciergerie-de-la-Presqu%c3%aele-105537604992701\" \/>\n<meta property=\"article:modified_time\" content=\"2024-02-12T11:22:09+00:00\" \/>\n<meta property=\"og:image\" content=\"https:\/\/conciergerie-capferret.com\/wp-content\/uploads\/2023\/03\/ENTRETIEN_MAISON_CONCIERGERIE-11-scaled.jpg\" \/>\n\t<meta property=\"og:image:width\" content=\"2560\" \/>\n\t<meta property=\"og:image:height\" content=\"1754\" \/>\n\t<meta property=\"og:image:type\" content=\"image\/jpeg\" \/>\n<meta name=\"twitter:card\" content=\"summary_large_image\" \/>\n<meta name=\"twitter:label1\" content=\"Est. reading time\" \/>\n\t<meta name=\"twitter:data1\" content=\"3 minutes\" \/>\n<script type=\"application\/ld+json\" class=\"yoast-schema-graph\">{\"@context\":\"https:\/\/schema.org\",\"@graph\":[{\"@type\":\"WebPage\",\"@id\":\"https:\/\/conciergerie-capferret.com\/en\/service\/preparation-of-the-property-for-upcoming-stays-copie\/\",\"url\":\"https:\/\/conciergerie-capferret.com\/en\/service\/preparation-of-the-property-for-upcoming-stays-copie\/\",\"name\":\"Pool maintenance - Conciergerie de la Presqu&#039;\u00eele du Cap Ferret\",\"isPartOf\":{\"@id\":\"https:\/\/conciergerie-capferret.com\/#website\"},\"datePublished\":\"2024-01-10T15:44:47+00:00\",\"dateModified\":\"2024-02-12T11:22:09+00:00\",\"description\":\"Immerse yourself in tranquility and with complete confidence in the maintenance of your pool at La Conciergerie de la Presqu\u2019\u00eele. Our dedicated team provides you with a pool maintenance service, ensuring that your pool area remains a haven of relaxation all year round\",\"breadcrumb\":{\"@id\":\"https:\/\/conciergerie-capferret.com\/en\/service\/preparation-of-the-property-for-upcoming-stays-copie\/#breadcrumb\"},\"inLanguage\":\"en-US\",\"potentialAction\":[{\"@type\":\"ReadAction\",\"target\":[\"https:\/\/conciergerie-capferret.com\/en\/service\/preparation-of-the-property-for-upcoming-stays-copie\/\"]}]},{\"@type\":\"BreadcrumbList\",\"@id\":\"https:\/\/conciergerie-capferret.com\/en\/service\/preparation-of-the-property-for-upcoming-stays-copie\/#breadcrumb\",\"itemListElement\":[{\"@type\":\"ListItem\",\"position\":1,\"name\":\"Accueil\",\"item\":\"https:\/\/conciergerie-capferret.com\/en\/\"},{\"@type\":\"ListItem\",\"position\":2,\"name\":\"Shop\",\"item\":\"https:\/\/conciergerie-capferret.com\/en\/shop\/\"},{\"@type\":\"ListItem\",\"position\":3,\"name\":\"Pool maintenance\"}]},{\"@type\":\"WebSite\",\"@id\":\"https:\/\/conciergerie-capferret.com\/#website\",\"url\":\"https:\/\/conciergerie-capferret.com\/\",\"name\":\"Conciergerie de la Presqu&#039;\u00eele du Cap Ferret\",\"description\":\"La promesse d&#039;une vie de palace entre bassin et oc\u00e9an\",\"publisher\":{\"@id\":\"https:\/\/conciergerie-capferret.com\/#organization\"},\"potentialAction\":[{\"@type\":\"SearchAction\",\"target\":{\"@type\":\"EntryPoint\",\"urlTemplate\":\"https:\/\/conciergerie-capferret.com\/?s={search_term_string}\"},\"query-input\":\"required name=search_term_string\"}],\"inLanguage\":\"en-US\"},{\"@type\":\"Organization\",\"@id\":\"https:\/\/conciergerie-capferret.com\/#organization\",\"name\":\"Conciergerie de la Presqu'\u00eele du Cap Ferret\",\"url\":\"https:\/\/conciergerie-capferret.com\/\",\"logo\":{\"@type\":\"ImageObject\",\"inLanguage\":\"en-US\",\"@id\":\"https:\/\/conciergerie-capferret.com\/#\/schema\/logo\/image\/\",\"url\":\"https:\/\/conciergerie-capferret.com\/wp-content\/uploads\/2021\/05\/logo-Conciergerie.svg\",\"contentUrl\":\"https:\/\/conciergerie-capferret.com\/wp-content\/uploads\/2021\/05\/logo-Conciergerie.svg\",\"width\":1110,\"height\":841,\"caption\":\"Conciergerie de la Presqu'\u00eele du Cap Ferret\"},\"image\":{\"@id\":\"https:\/\/conciergerie-capferret.com\/#\/schema\/logo\/image\/\"},\"sameAs\":[\"https:\/\/www.facebook.com\/Conciergerie-de-la-Presqu\u00eele-105537604992701\",\"https:\/\/www.instagram.com\/conciergeriepresquilecapferret\/\"]}]}<\/script>\n<!-- \/ Yoast SEO plugin. -->","yoast_head_json":{"title":"Pool maintenance - Conciergerie de la Presqu&#039;\u00eele du Cap Ferret","description":"Immerse yourself in tranquility and with complete confidence in the maintenance of your pool at La Conciergerie de la Presqu\u2019\u00eele. Our dedicated team provides you with a pool maintenance service, ensuring that your pool area remains a haven of relaxation all year round","robots":{"index":"index","follow":"follow","max-snippet":"max-snippet:-1","max-image-preview":"max-image-preview:large","max-video-preview":"max-video-preview:-1"},"canonical":"https:\/\/conciergerie-capferret.com\/en\/service\/preparation-of-the-property-for-upcoming-stays-copie\/","og_locale":"en_US","og_type":"article","og_title":"Pool maintenance - Conciergerie de la Presqu&#039;\u00eele du Cap Ferret","og_description":"Immerse yourself in tranquility and with complete confidence in the maintenance of your pool at La Conciergerie de la Presqu\u2019\u00eele. Our dedicated team provides you with a pool maintenance service, ensuring that your pool area remains a haven of relaxation all year round","og_url":"https:\/\/conciergerie-capferret.com\/en\/service\/preparation-of-the-property-for-upcoming-stays-copie\/","og_site_name":"Conciergerie de la Presqu&#039;\u00eele du Cap Ferret","article_publisher":"https:\/\/www.facebook.com\/Conciergerie-de-la-Presqu%c3%aele-105537604992701","article_modified_time":"2024-02-12T11:22:09+00:00","og_image":[{"width":2560,"height":1754,"url":"https:\/\/conciergerie-capferret.com\/wp-content\/uploads\/2023\/03\/ENTRETIEN_MAISON_CONCIERGERIE-11-scaled.jpg","type":"image\/jpeg"}],"twitter_card":"summary_large_image","twitter_misc":{"Est. reading time":"3 minutes"},"schema":{"@context":"https:\/\/schema.org","@graph":[{"@type":"WebPage","@id":"https:\/\/conciergerie-capferret.com\/en\/service\/preparation-of-the-property-for-upcoming-stays-copie\/","url":"https:\/\/conciergerie-capferret.com\/en\/service\/preparation-of-the-property-for-upcoming-stays-copie\/","name":"Pool maintenance - Conciergerie de la Presqu&#039;\u00eele du Cap Ferret","isPartOf":{"@id":"https:\/\/conciergerie-capferret.com\/#website"},"datePublished":"2024-01-10T15:44:47+00:00","dateModified":"2024-02-12T11:22:09+00:00","description":"Immerse yourself in tranquility and with complete confidence in the maintenance of your pool at La Conciergerie de la Presqu\u2019\u00eele. Our dedicated team provides you with a pool maintenance service, ensuring that your pool area remains a haven of relaxation all year round","breadcrumb":{"@id":"https:\/\/conciergerie-capferret.com\/en\/service\/preparation-of-the-property-for-upcoming-stays-copie\/#breadcrumb"},"inLanguage":"en-US","potentialAction":[{"@type":"ReadAction","target":["https:\/\/conciergerie-capferret.com\/en\/service\/preparation-of-the-property-for-upcoming-stays-copie\/"]}]},{"@type":"BreadcrumbList","@id":"https:\/\/conciergerie-capferret.com\/en\/service\/preparation-of-the-property-for-upcoming-stays-copie\/#breadcrumb","itemListElement":[{"@type":"ListItem","position":1,"name":"Accueil","item":"https:\/\/conciergerie-capferret.com\/en\/"},{"@type":"ListItem","position":2,"name":"Shop","item":"https:\/\/conciergerie-capferret.com\/en\/shop\/"},{"@type":"ListItem","position":3,"name":"Pool maintenance"}]},{"@type":"WebSite","@id":"https:\/\/conciergerie-capferret.com\/#website","url":"https:\/\/conciergerie-capferret.com\/","name":"Conciergerie de la Presqu&#039;\u00eele du Cap Ferret","description":"La promesse d&#039;une vie de palace entre bassin et oc\u00e9an","publisher":{"@id":"https:\/\/conciergerie-capferret.com\/#organization"},"potentialAction":[{"@type":"SearchAction","target":{"@type":"EntryPoint","urlTemplate":"https:\/\/conciergerie-capferret.com\/?s={search_term_string}"},"query-input":"required name=search_term_string"}],"inLanguage":"en-US"},{"@type":"Organization","@id":"https:\/\/conciergerie-capferret.com\/#organization","name":"Conciergerie de la Presqu'\u00eele du Cap Ferret","url":"https:\/\/conciergerie-capferret.com\/","logo":{"@type":"ImageObject","inLanguage":"en-US","@id":"https:\/\/conciergerie-capferret.com\/#\/schema\/logo\/image\/","url":"https:\/\/conciergerie-capferret.com\/wp-content\/uploads\/2021\/05\/logo-Conciergerie.svg","contentUrl":"https:\/\/conciergerie-capferret.com\/wp-content\/uploads\/2021\/05\/logo-Conciergerie.svg","width":1110,"height":841,"caption":"Conciergerie de la Presqu'\u00eele du Cap Ferret"},"image":{"@id":"https:\/\/conciergerie-capferret.com\/#\/schema\/logo\/image\/"},"sameAs":["https:\/\/www.facebook.com\/Conciergerie-de-la-Presqu\u00eele-105537604992701","https:\/\/www.instagram.com\/conciergeriepresquilecapferret\/"]}]}},"wcpa_form_fields":{"wcpaData":{"product":{"product_price":0,"price_html":"You don't have any inventory with this product. This product in not bookable.","original_product_price":0,"price_including_tax":0,"price_excluding_tax":0,"product_id":{"parent":16520,"variation":false},"is_variable":false,"stock_status":"instock","stock_quantity":null,"parent_sku":"","product_attributes":[],"custom_fields":[],"is_taxable":true},"fields":{"sec_365aa599652d39":{"extra":{"key":"sec_365aa599652d39","section_id":"sec_365aa599652d39","name":"Default","status":1,"cl_rule":"show","enableCl":false,"relations":[],"toggle":true,"title_tag":"h3","show_title":false,"showPrice":"default","form_id":16525,"form_rules":{"exclude_from_discount":false,"fee_label":"Fee","disp_hide_options_price":false,"disp_show_section_price":false,"disp_show_field_price":true,"layout_option":"standard","pric_use_as_fee":false,"process_fee_as":"woo_fee"},"layout_option":"standard"},"fields":[[{"active":true,"col":5,"relations":false,"cl_rule":"show","enableCl":false,"price":"","enablePrice":false,"className":"","label_position":"default","desc_position":"default","type":"date","required":true,"elementId":"date_3086907617","name":"date intervention","label":"Date d'intervention souhait\u00e9e entre le :","picker_type":"custom","picker_mode":"single","error":false,"gt_translate_keys":["label"],"price_dependency":false,"cl_dependency":false,"value":""}],[{"label":"Et le :","active":true,"required":true,"elementId":"date-5095624264","picker_type":"custom","picker_mode":"single","name":"date-5095624264","label_position":"default","desc_position":"default","enablePrice":false,"className":"","enableCl":false,"relations":false,"price":"","cl_rule":"show","col":5,"type":"date","error":false,"requiredError":"Merci pour votre commande. La Conciergerie va prendre contact avec vous.","gt_translate_keys":["label","requiredError"],"price_dependency":false,"cl_dependency":false,"value":""}],[{"active":true,"col":6,"relations":false,"cl_rule":"show","enableCl":false,"price":"","enablePrice":false,"className":"","label_position":"default","desc_position":"default","type":"placeselector","required":true,"elementId":"placeselector_1337961891","name":"adresse villa","label":"Adresse de la villa","error":false,"placeholder":"Indiquez l'adresse de la villa","gt_translate_keys":["label","placeholder"],"price_dependency":false,"cl_dependency":false,"value":""}],[{"active":true,"col":3,"relations":false,"cl_rule":"show","enableCl":false,"price":"65","enablePrice":true,"className":"","label_position":"default","desc_position":"default","type":"number","required":false,"elementId":"number_1680161943","label":"Entretien piscine : ","name":"number_1680161943","value":"","error":false,"description":"Indiquez le nombre de passage souhait\u00e9 durant la p\u00e9riode indiqu\u00e9e","pricingType":"multiply","gt_translate_keys":["label","description","value"],"price_dependency":false,"cl_dependency":false},{"active":true,"col":3,"relations":false,"cl_rule":"show","enableCl":false,"price":"","enablePrice":true,"className":"","label_position":"default","desc_position":"default","type":"checkbox-group","required":true,"elementId":"checkgroup_6629045531","label":"Intervention","name":"intervention","values":[{"label":"Ouverture bassin","value":"Ouverture bassin","selected":false,"tempId":"aco_249","price":"300","gt_translate_keys":["label"]},{"label":"Fermeture bassin","value":"Fermeture bassin","selected":false,"tempId":"aco_250","price":"150","gt_translate_keys":["label"]}],"layOut":"","error":false,"checkUi":"","priceOptions":"different_for_all","pricingType":"fixed","gt_translate_keys":["label"],"price_dependency":false,"cl_dependency":false,"value":""}]]}},"config":{"price_override":"","enable_recaptcha":true,"bind_quantity":false,"quantity_bind_formula":"","disp_summ_show_option_price":false,"disp_summ_show_product_price":false,"disp_summ_show_total_price":false,"disp_summ_show_fee":false,"disp_summ_show_discount":false,"summary_title":"","options_total_label":"Options Price","total_label":"Total","options_product_label":"Product Price","fee_label":"Fee","discount_label":"Discount","has_price":true,"has_quantity_formula":false},"mc_unit":1,"tax_rate":1,"tax_rate_real":0.2,"discount":{"percentage":0,"fixed":0},"design":{"conf":{"LabelPosition":"above","DescPosition":"above","UploadField":"custom_1","QuantityFieldStyle":"default"},"css":{"LeftLabelWidth":"120px"}},"formulas":[],"clones":false,"cartKey":false}},"_links":{"self":[{"href":"https:\/\/conciergerie-capferret.com\/en\/wp-json\/wp\/v2\/product\/16520","targetHints":{"allow":["GET"]}}],"collection":[{"href":"https:\/\/conciergerie-capferret.com\/en\/wp-json\/wp\/v2\/product"}],"about":[{"href":"https:\/\/conciergerie-capferret.com\/en\/wp-json\/wp\/v2\/types\/product"}],"wp:featuredmedia":[{"embeddable":true,"href":"https:\/\/conciergerie-capferret.com\/en\/wp-json\/wp\/v2\/media\/16090"}],"wp:attachment":[{"href":"https:\/\/conciergerie-capferret.com\/en\/wp-json\/wp\/v2\/media?parent=16520"}],"wp:term":[{"taxonomy":"product_cat","embeddable":true,"href":"https:\/\/conciergerie-capferret.com\/en\/wp-json\/wp\/v2\/product_cat?post=16520"},{"taxonomy":"product_tag","embeddable":true,"href":"https:\/\/conciergerie-capferret.com\/en\/wp-json\/wp\/v2\/product_tag?post=16520"}],"curies":[{"name":"wp","href":"https:\/\/api.w.org\/{rel}","templated":true}]}}