{"id":16156,"date":"2021-04-03T14:33:00","date_gmt":"2021-04-03T12:33:00","guid":{"rendered":"https:\/\/conciergerie-capferret.com\/service\/platinum-option-with-a-contract\/"},"modified":"2023-07-18T16:19:04","modified_gmt":"2023-07-18T14:19:04","slug":"platinum-option-with-a-contract","status":"publish","type":"product","link":"https:\/\/conciergerie-capferret.com\/en\/service\/platinum-option-with-a-contract\/","title":{"rendered":"Platinum Option with a Contract"},"content":{"rendered":"<div class=\"fusion-fullwidth fullwidth-box fusion-builder-row-1 fusion-flex-container nonhundred-percent-fullwidth non-hundred-percent-height-scrolling\" style=\"--awb-border-radius-top-left:0px;--awb-border-radius-top-right:0px;--awb-border-radius-bottom-right:0px;--awb-border-radius-bottom-left:0px;--awb-padding-top:0px;--awb-padding-right:0px;--awb-padding-bottom:0px;--awb-padding-left:0px;--awb-flex-wrap:wrap;\" ><div class=\"fusion-builder-row fusion-row fusion-flex-align-items-flex-start fusion-flex-content-wrap\" style=\"max-width:1430px;margin-left: calc(-4% \/ 2 );margin-right: calc(-4% \/ 2 );\"><div class=\"fusion-layout-column fusion_builder_column fusion-builder-column-0 fusion_builder_column_1_1 1_1 fusion-flex-column\" style=\"--awb-bg-size:cover;--awb-width-large:100%;--awb-margin-top-large:0px;--awb-spacing-right-large:1.92%;--awb-margin-bottom-large:0px;--awb-spacing-left-large:1.92%;--awb-width-medium:100%;--awb-order-medium:0;--awb-spacing-right-medium:1.92%;--awb-spacing-left-medium:1.92%;--awb-width-small:100%;--awb-order-small:0;--awb-spacing-right-small:1.92%;--awb-spacing-left-small:1.92%;\"><div class=\"fusion-column-wrapper fusion-column-has-shadow fusion-flex-justify-content-flex-start fusion-content-layout-column\"><div class=\"fusion-title title fusion-title-1 fusion-sep-none fusion-title-text fusion-title-size-three\"><h3 class=\"fusion-title-heading title-heading-left\" style=\"margin:0;\">Peace of Mind<\/h3><\/div><div class=\"fusion-text fusion-text-1\"><p>Not only does our Platinum Option bring you peace of mind all year round, it is also optimal in terms of organization. Simply provide us with your keys, and we will arrange and manage everything that needs to be done in your property so that all that you have to think about is packing your suitcases!<\/p>\n<\/div><div class=\"fusion-title title fusion-title-2 fusion-sep-none fusion-title-text fusion-title-size-four\"><h4 class=\"fusion-title-heading title-heading-left\" style=\"margin:0;\">Home Visits and Inspections<\/h4><\/div><div class=\"fusion-text fusion-text-2\"><p>The Platinum Option includes a weekly visit to your property but, if necessary, we can of course go more often.<\/p>\n<p>Visits last about thirty minutes, during which time we pick up the mail and make a thorough inspection to ensure that everything is in order in your home, both inside and outside. We can also read the utility meters.<\/p>\n<\/div><div class=\"fusion-title title fusion-title-3 fusion-sep-none fusion-title-text fusion-title-size-four\"><h4 class=\"fusion-title-heading title-heading-left\" style=\"margin:0;\">Detailed Report<\/h4><\/div><div class=\"fusion-text fusion-text-3\"><p>We all feel reassured if we can keep an eye on our property. Our service includes a detailed report sent after each visit either by sms or email, according to your preference.<\/p>\n<\/div><div class=\"fusion-title title fusion-title-4 fusion-sep-none fusion-title-text fusion-title-size-four\"><h4 class=\"fusion-title-heading title-heading-left\" style=\"margin:0;\">Systematic Visit Following a Storm<\/h4><\/div><div class=\"fusion-text fusion-text-4\"><p>Worrying about storm damage is a thing of the past. In case of a storm or inclement weather, we will take care of your property and, afterwards, make a thorough assessment of the house to check for any damage.<\/p>\n<\/div><div class=\"fusion-title title fusion-title-5 fusion-sep-none fusion-title-text fusion-title-size-four\"><h4 class=\"fusion-title-heading title-heading-left\" style=\"margin:0;\">Preparation of the property for upcoming stays (two stays per month included)<\/h4><\/div><div class=\"fusion-text fusion-text-5\"><p>Make stressful holiday departures a thing of the past! We\u2019ll make sure that everything in your house is ready and waiting for you. We will air all the rooms, have the house cleaned and even arrange for a supermarket delivery for a well-stocked kitchen upon your arrival.<\/p>\n<\/div><div class=\"fusion-title title fusion-title-6 fusion-sep-none fusion-title-text fusion-title-size-four\"><h4 class=\"fusion-title-heading title-heading-left\" style=\"margin:0;\">Access to concierge services<\/h4><\/div><div class=\"fusion-text fusion-text-6\"><p>As a house owner, you also have access to our concierge services. We seek to respond to your requests with efficiency and adaptability at all times.<\/p>\n<p>If you\u2019d like to try the best oysters the Bassin has to offer, or get a table in one of finest restaurants on the peninsula, or have a private chef cook a delicious meal at home, our concierge service will make it happen. Are you looking to rent bikes, a boat or car? No problem, let us manage the bookings, down to the finest details. Would you like a fitness program for the summer? We can connect you with highly- qualified, tested instructors for a summer of personal achievement and self-improvement.<\/p>\n<\/div><div class=\"fusion-title title fusion-title-7 fusion-sep-none fusion-title-text fusion-title-size-three\"><h3 class=\"fusion-title-heading title-heading-left\" style=\"margin:0;\">The Platinum Option \u2013 a mutual commitment<\/h3><\/div><div class=\"fusion-text fusion-text-7\"><p>You can be sure that if you place your trust in us, we will take the utmost care of your interests. Your property is in safe hands with La Conciergerie de la Presqu\u2019\u00cele. Your commitment to us ensures our complete commitment to you, so enjoy our services with a minimum contract of six months for a monthly fee of \u20ac469 including tax.<\/p>\n<p>Our wide range of services is waiting for you!<\/p>\n<\/div><\/div><\/div><\/div><\/div>\n","protected":false},"excerpt":{"rendered":"<h2>Our Platinum Option \u2013 the gold standard!<\/h2>\n<p>We\u2019ve been looking after your house for you but now the holiday season is getting closer and you\u2019ll soon be back in your home on the Bassin d\u2019Arcachon for a longed-for holiday. After long months of absence, there\u2019s so much to be done before you can settle back in and relax. You don\u2019t want to waste a moment of your precious holiday time so let us take care of everything for you. Read through our Platinum Option guide and enjoy the feeling of serenity that comes from leaving everything in our hands.<\/p>\n","protected":false},"featured_media":16043,"template":"","meta":[],"product_cat":[213,211],"product_tag":[],"class_list":["post-16156","product","type-product","status-publish","has-post-thumbnail","hentry","product_cat-option","product_cat-owner","wcpa_has_options"],"yoast_head":"<!-- This site is optimized with the Yoast SEO plugin v21.5 - https:\/\/yoast.com\/wordpress\/plugins\/seo\/ -->\n<title>Platinum Option with a Contract - Conciergerie de la Presqu&#039;\u00eele du Cap Ferret<\/title>\n<meta name=\"description\" content=\"We\u2019ve been looking after your house for you but now the holiday season is getting closer and you\u2019ll soon be back in your home on the Bassin d\u2019Arcachon for a longed-for holiday.\" \/>\n<meta name=\"robots\" content=\"index, follow, max-snippet:-1, max-image-preview:large, max-video-preview:-1\" \/>\n<link rel=\"canonical\" href=\"https:\/\/conciergerie-capferret.com\/en\/service\/platinum-option-with-a-contract\/\" \/>\n<meta property=\"og:locale\" content=\"en_US\" \/>\n<meta property=\"og:type\" content=\"article\" \/>\n<meta property=\"og:title\" content=\"Platinum Option with a Contract - Conciergerie de la Presqu&#039;\u00eele du Cap Ferret\" \/>\n<meta property=\"og:description\" content=\"We\u2019ve been looking after your house for you but now the holiday season is getting closer and you\u2019ll soon be back in your home on the Bassin d\u2019Arcachon for a longed-for holiday.\" \/>\n<meta property=\"og:url\" content=\"https:\/\/conciergerie-capferret.com\/en\/service\/platinum-option-with-a-contract\/\" \/>\n<meta property=\"og:site_name\" content=\"Conciergerie de la Presqu&#039;\u00eele du Cap Ferret\" \/>\n<meta property=\"article:publisher\" content=\"https:\/\/www.facebook.com\/Conciergerie-de-la-Presqu%c3%aele-105537604992701\" \/>\n<meta property=\"article:modified_time\" content=\"2023-07-18T14:19:04+00:00\" \/>\n<meta property=\"og:image\" content=\"https:\/\/conciergerie-capferret.com\/wp-content\/uploads\/2021\/04\/CARR4542.jpg\" \/>\n\t<meta property=\"og:image:width\" content=\"1200\" \/>\n\t<meta property=\"og:image:height\" content=\"800\" \/>\n\t<meta property=\"og:image:type\" content=\"image\/jpeg\" \/>\n<meta name=\"twitter:card\" content=\"summary_large_image\" \/>\n<meta name=\"twitter:label1\" content=\"Est. reading time\" \/>\n\t<meta name=\"twitter:data1\" content=\"8 minutes\" \/>\n<script type=\"application\/ld+json\" class=\"yoast-schema-graph\">{\"@context\":\"https:\/\/schema.org\",\"@graph\":[{\"@type\":\"WebPage\",\"@id\":\"https:\/\/conciergerie-capferret.com\/en\/service\/platinum-option-with-a-contract\/\",\"url\":\"https:\/\/conciergerie-capferret.com\/en\/service\/platinum-option-with-a-contract\/\",\"name\":\"Platinum Option with a Contract - Conciergerie de la Presqu&#039;\u00eele du Cap Ferret\",\"isPartOf\":{\"@id\":\"https:\/\/conciergerie-capferret.com\/#website\"},\"datePublished\":\"2021-04-03T12:33:00+00:00\",\"dateModified\":\"2023-07-18T14:19:04+00:00\",\"description\":\"We\u2019ve been looking after your house for you but now the holiday season is getting closer and you\u2019ll soon be back in your home on the Bassin d\u2019Arcachon for a longed-for holiday.\",\"breadcrumb\":{\"@id\":\"https:\/\/conciergerie-capferret.com\/en\/service\/platinum-option-with-a-contract\/#breadcrumb\"},\"inLanguage\":\"en-US\",\"potentialAction\":[{\"@type\":\"ReadAction\",\"target\":[\"https:\/\/conciergerie-capferret.com\/en\/service\/platinum-option-with-a-contract\/\"]}]},{\"@type\":\"BreadcrumbList\",\"@id\":\"https:\/\/conciergerie-capferret.com\/en\/service\/platinum-option-with-a-contract\/#breadcrumb\",\"itemListElement\":[{\"@type\":\"ListItem\",\"position\":1,\"name\":\"Accueil\",\"item\":\"https:\/\/conciergerie-capferret.com\/en\/\"},{\"@type\":\"ListItem\",\"position\":2,\"name\":\"Shop\",\"item\":\"https:\/\/conciergerie-capferret.com\/en\/shop\/\"},{\"@type\":\"ListItem\",\"position\":3,\"name\":\"Platinum Option with a Contract\"}]},{\"@type\":\"WebSite\",\"@id\":\"https:\/\/conciergerie-capferret.com\/#website\",\"url\":\"https:\/\/conciergerie-capferret.com\/\",\"name\":\"Conciergerie de la Presqu&#039;\u00eele du Cap Ferret\",\"description\":\"La promesse d&#039;une vie de palace entre bassin et oc\u00e9an\",\"publisher\":{\"@id\":\"https:\/\/conciergerie-capferret.com\/#organization\"},\"potentialAction\":[{\"@type\":\"SearchAction\",\"target\":{\"@type\":\"EntryPoint\",\"urlTemplate\":\"https:\/\/conciergerie-capferret.com\/?s={search_term_string}\"},\"query-input\":\"required name=search_term_string\"}],\"inLanguage\":\"en-US\"},{\"@type\":\"Organization\",\"@id\":\"https:\/\/conciergerie-capferret.com\/#organization\",\"name\":\"Conciergerie de la Presqu'\u00eele du Cap Ferret\",\"url\":\"https:\/\/conciergerie-capferret.com\/\",\"logo\":{\"@type\":\"ImageObject\",\"inLanguage\":\"en-US\",\"@id\":\"https:\/\/conciergerie-capferret.com\/#\/schema\/logo\/image\/\",\"url\":\"https:\/\/conciergerie-capferret.com\/wp-content\/uploads\/2021\/05\/logo-Conciergerie.svg\",\"contentUrl\":\"https:\/\/conciergerie-capferret.com\/wp-content\/uploads\/2021\/05\/logo-Conciergerie.svg\",\"width\":1110,\"height\":841,\"caption\":\"Conciergerie de la Presqu'\u00eele du Cap Ferret\"},\"image\":{\"@id\":\"https:\/\/conciergerie-capferret.com\/#\/schema\/logo\/image\/\"},\"sameAs\":[\"https:\/\/www.facebook.com\/Conciergerie-de-la-Presqu\u00eele-105537604992701\",\"https:\/\/www.instagram.com\/conciergeriepresquilecapferret\/\"]}]}<\/script>\n<!-- \/ Yoast SEO plugin. -->","yoast_head_json":{"title":"Platinum Option with a Contract - Conciergerie de la Presqu&#039;\u00eele du Cap Ferret","description":"We\u2019ve been looking after your house for you but now the holiday season is getting closer and you\u2019ll soon be back in your home on the Bassin d\u2019Arcachon for a longed-for holiday.","robots":{"index":"index","follow":"follow","max-snippet":"max-snippet:-1","max-image-preview":"max-image-preview:large","max-video-preview":"max-video-preview:-1"},"canonical":"https:\/\/conciergerie-capferret.com\/en\/service\/platinum-option-with-a-contract\/","og_locale":"en_US","og_type":"article","og_title":"Platinum Option with a Contract - Conciergerie de la Presqu&#039;\u00eele du Cap Ferret","og_description":"We\u2019ve been looking after your house for you but now the holiday season is getting closer and you\u2019ll soon be back in your home on the Bassin d\u2019Arcachon for a longed-for holiday.","og_url":"https:\/\/conciergerie-capferret.com\/en\/service\/platinum-option-with-a-contract\/","og_site_name":"Conciergerie de la Presqu&#039;\u00eele du Cap Ferret","article_publisher":"https:\/\/www.facebook.com\/Conciergerie-de-la-Presqu%c3%aele-105537604992701","article_modified_time":"2023-07-18T14:19:04+00:00","og_image":[{"width":1200,"height":800,"url":"https:\/\/conciergerie-capferret.com\/wp-content\/uploads\/2021\/04\/CARR4542.jpg","type":"image\/jpeg"}],"twitter_card":"summary_large_image","twitter_misc":{"Est. reading time":"8 minutes"},"schema":{"@context":"https:\/\/schema.org","@graph":[{"@type":"WebPage","@id":"https:\/\/conciergerie-capferret.com\/en\/service\/platinum-option-with-a-contract\/","url":"https:\/\/conciergerie-capferret.com\/en\/service\/platinum-option-with-a-contract\/","name":"Platinum Option with a Contract - Conciergerie de la Presqu&#039;\u00eele du Cap Ferret","isPartOf":{"@id":"https:\/\/conciergerie-capferret.com\/#website"},"datePublished":"2021-04-03T12:33:00+00:00","dateModified":"2023-07-18T14:19:04+00:00","description":"We\u2019ve been looking after your house for you but now the holiday season is getting closer and you\u2019ll soon be back in your home on the Bassin d\u2019Arcachon for a longed-for holiday.","breadcrumb":{"@id":"https:\/\/conciergerie-capferret.com\/en\/service\/platinum-option-with-a-contract\/#breadcrumb"},"inLanguage":"en-US","potentialAction":[{"@type":"ReadAction","target":["https:\/\/conciergerie-capferret.com\/en\/service\/platinum-option-with-a-contract\/"]}]},{"@type":"BreadcrumbList","@id":"https:\/\/conciergerie-capferret.com\/en\/service\/platinum-option-with-a-contract\/#breadcrumb","itemListElement":[{"@type":"ListItem","position":1,"name":"Accueil","item":"https:\/\/conciergerie-capferret.com\/en\/"},{"@type":"ListItem","position":2,"name":"Shop","item":"https:\/\/conciergerie-capferret.com\/en\/shop\/"},{"@type":"ListItem","position":3,"name":"Platinum Option with a Contract"}]},{"@type":"WebSite","@id":"https:\/\/conciergerie-capferret.com\/#website","url":"https:\/\/conciergerie-capferret.com\/","name":"Conciergerie de la Presqu&#039;\u00eele du Cap Ferret","description":"La promesse d&#039;une vie de palace entre bassin et oc\u00e9an","publisher":{"@id":"https:\/\/conciergerie-capferret.com\/#organization"},"potentialAction":[{"@type":"SearchAction","target":{"@type":"EntryPoint","urlTemplate":"https:\/\/conciergerie-capferret.com\/?s={search_term_string}"},"query-input":"required name=search_term_string"}],"inLanguage":"en-US"},{"@type":"Organization","@id":"https:\/\/conciergerie-capferret.com\/#organization","name":"Conciergerie de la Presqu'\u00eele du Cap Ferret","url":"https:\/\/conciergerie-capferret.com\/","logo":{"@type":"ImageObject","inLanguage":"en-US","@id":"https:\/\/conciergerie-capferret.com\/#\/schema\/logo\/image\/","url":"https:\/\/conciergerie-capferret.com\/wp-content\/uploads\/2021\/05\/logo-Conciergerie.svg","contentUrl":"https:\/\/conciergerie-capferret.com\/wp-content\/uploads\/2021\/05\/logo-Conciergerie.svg","width":1110,"height":841,"caption":"Conciergerie de la Presqu'\u00eele du Cap Ferret"},"image":{"@id":"https:\/\/conciergerie-capferret.com\/#\/schema\/logo\/image\/"},"sameAs":["https:\/\/www.facebook.com\/Conciergerie-de-la-Presqu\u00eele-105537604992701","https:\/\/www.instagram.com\/conciergeriepresquilecapferret\/"]}]}},"wcpa_form_fields":{"wcpaData":{"product":{"product_price":0,"price_html":"<span class=\"amount rnb_price_unit_16156\"> &nbsp;<span class=\"woocommerce-Price-amount amount\"><bdi>0.00<span class=\"woocommerce-Price-currencySymbol\">&euro;<\/span><\/bdi><\/span>&nbsp;\/Per Day<\/span>","original_product_price":0,"price_including_tax":0,"price_excluding_tax":0,"product_id":{"parent":16156,"variation":false},"is_variable":false,"stock_status":"instock","stock_quantity":null,"parent_sku":"","product_attributes":[],"custom_fields":[],"is_taxable":true},"fields":{"sec_6654a1711a7f2e":{"extra":{"key":"sec_6654a1711a7f2e","section_id":"sec_6654a1711a7f2e","name":"Default","status":1,"cl_rule":"show","enableCl":false,"relations":[],"toggle":true,"title_tag":"h3","show_title":false,"showPrice":"default","form_id":16273,"form_rules":{"exclude_from_discount":false,"fee_label":"Fee","disp_hide_options_price":false,"disp_show_section_price":false,"disp_show_field_price":true,"layout_option":"standard","pric_use_as_fee":false,"process_fee_as":"woo_fee"},"layout_option":"standard"},"fields":[[{"type":"content","subtype":"div","label":"","elementId":"wcpa-paragraph-1618744516156","pricingType":"fixed","cl_rule":"show","col":6,"relations":false,"active":true,"tooltip":"","value":"<p> <strong>Compris dans votre pack<\/p><\/strong><div style=\"font-size: 14px;\"><i class=\"far fa-check-circle\"><\/i> 1 passage hebdomadaire au domicile (avec compte rendu par SMS ou mail)\n<i class=\"far fa-check-circle\"><\/i> Gardiennage et gestion des cl\u00e9s\n<i class=\"far fa-check-circle\"><\/i> Organisation et supervision de la pr\u00e9paration de la villa avant s\u00e9jour propri\u00e9taire\n<i class=\"far fa-check-circle\"><\/i> Prestation m\u00e9nage \u00e0 la demande\n<i class=\"far fa-check-circle\"><\/i> Passages illimit\u00e9s sur demande\n<i class=\"far fa-check-circle\"><\/i> Passage apr\u00e8s temp\u00eate\n<i class=\"far fa-check-circle\"><\/i> Acc\u00e8s aux services de la conciergerie avec interlocuteur d\u00e9di\u00e9<\/div>","name":"wcpa-paragraph-1618744516156","contentType":"plain","gt_translate_keys":["label","value","tooltip"],"price_dependency":false,"cl_dependency":false}],[{"type":"separator","elementId":"wcpa-separator-1618745707912","height":"50","cl_rule":"show","col":6,"relations":false,"active":true,"tooltip":"","gt_translate_keys":["tooltip"],"price_dependency":false,"cl_dependency":false,"value":""}],[{"type":"select","required":true,"elementId":"wcpa-select-1617996137794","label":"Dur\u00e9e d'engagement","placeholder":"Choisissez la dur\u00e9e de votre engagement","enablePrice":true,"priceOptions":"different_for_all","pricingType":"fixed","name":"dure-dengagement","cl_rule":"show","col":6,"values":[{"label":"6 mois","value":"6 mois","price":"3660","pimage":"","pimage_id":"","pthumb":"","gt_translate_keys":["label"]},{"label":"12 mois","value":"12 mois","price":"7320","pimage":"","pimage_id":"","pthumb":"","gt_translate_keys":["label"]},{"label":"18 mois","value":"18 mois","price":"10980","pimage":"","pimage_id":"","pthumb":"","gt_translate_keys":["label"]},{"label":"24 mois","value":"24 mois","price":"14640","pimage":"","pimage_id":"","pthumb":"","gt_translate_keys":["label"]}],"relations":false,"price":0,"active":true,"tooltip":"","dropdown_type":"basic","error":false,"gt_translate_keys":["label","placeholder","tooltip"],"price_dependency":false,"cl_dependency":false,"value":""}]]}},"config":{"price_override":"","enable_recaptcha":true,"bind_quantity":false,"quantity_bind_formula":"","disp_summ_show_option_price":false,"disp_summ_show_product_price":false,"disp_summ_show_total_price":false,"disp_summ_show_fee":false,"disp_summ_show_discount":false,"summary_title":"","options_total_label":"Options Price","total_label":"Total","options_product_label":"Product Price","fee_label":"Fee","discount_label":"Discount","has_price":true,"has_quantity_formula":false},"mc_unit":1,"tax_rate":1,"tax_rate_real":0.2,"discount":{"percentage":0,"fixed":0},"design":{"conf":{"LabelPosition":"above","DescPosition":"above","UploadField":"custom_1","QuantityFieldStyle":"default"},"css":{"LeftLabelWidth":"120px"}},"formulas":[],"clones":false,"cartKey":false}},"_links":{"self":[{"href":"https:\/\/conciergerie-capferret.com\/en\/wp-json\/wp\/v2\/product\/16156","targetHints":{"allow":["GET"]}}],"collection":[{"href":"https:\/\/conciergerie-capferret.com\/en\/wp-json\/wp\/v2\/product"}],"about":[{"href":"https:\/\/conciergerie-capferret.com\/en\/wp-json\/wp\/v2\/types\/product"}],"wp:featuredmedia":[{"embeddable":true,"href":"https:\/\/conciergerie-capferret.com\/en\/wp-json\/wp\/v2\/media\/16043"}],"wp:attachment":[{"href":"https:\/\/conciergerie-capferret.com\/en\/wp-json\/wp\/v2\/media?parent=16156"}],"wp:term":[{"taxonomy":"product_cat","embeddable":true,"href":"https:\/\/conciergerie-capferret.com\/en\/wp-json\/wp\/v2\/product_cat?post=16156"},{"taxonomy":"product_tag","embeddable":true,"href":"https:\/\/conciergerie-capferret.com\/en\/wp-json\/wp\/v2\/product_tag?post=16156"}],"curies":[{"name":"wp","href":"https:\/\/api.w.org\/{rel}","templated":true}]}}