{"id":16154,"date":"2021-04-03T14:23:35","date_gmt":"2021-04-03T12:23:35","guid":{"rendered":"https:\/\/conciergerie-capferret.com\/service\/premium-option-with-a-contract\/"},"modified":"2023-07-18T16:18:06","modified_gmt":"2023-07-18T14:18:06","slug":"premium-option-with-a-contract","status":"publish","type":"product","link":"https:\/\/conciergerie-capferret.com\/en\/service\/premium-option-with-a-contract\/","title":{"rendered":"Premium Option with a Contract"},"content":{"rendered":"<div class=\"fusion-fullwidth fullwidth-box fusion-builder-row-1 fusion-flex-container nonhundred-percent-fullwidth non-hundred-percent-height-scrolling\" style=\"--awb-border-radius-top-left:0px;--awb-border-radius-top-right:0px;--awb-border-radius-bottom-right:0px;--awb-border-radius-bottom-left:0px;--awb-padding-top:0px;--awb-padding-right:0px;--awb-padding-bottom:0px;--awb-padding-left:0px;--awb-flex-wrap:wrap;\" ><div class=\"fusion-builder-row fusion-row fusion-flex-align-items-flex-start fusion-flex-content-wrap\" style=\"max-width:1430px;margin-left: calc(-4% \/ 2 );margin-right: calc(-4% \/ 2 );\"><div class=\"fusion-layout-column fusion_builder_column fusion-builder-column-0 fusion_builder_column_1_1 1_1 fusion-flex-column\" style=\"--awb-bg-size:cover;--awb-width-large:100%;--awb-margin-top-large:0px;--awb-spacing-right-large:1.92%;--awb-margin-bottom-large:0px;--awb-spacing-left-large:1.92%;--awb-width-medium:100%;--awb-order-medium:0;--awb-spacing-right-medium:1.92%;--awb-spacing-left-medium:1.92%;--awb-width-small:100%;--awb-order-small:0;--awb-spacing-right-small:1.92%;--awb-spacing-left-small:1.92%;\"><div class=\"fusion-column-wrapper fusion-column-has-shadow fusion-flex-justify-content-flex-start fusion-content-layout-column\"><div class=\"fusion-title title fusion-title-1 fusion-sep-none fusion-title-text fusion-title-size-three\"><h3 class=\"fusion-title-heading title-heading-left\" style=\"margin:0;\">Home Visits and Inspections<\/h3><\/div><div class=\"fusion-text fusion-text-1\"><p>We offer home visits on a weekly basis.<\/p>\n<p>Visits last about thirty minutes, during which time we pick up the mail and make a thorough inspection to ensure that everything is in order in your home, both inside and outside. We can also read the utility meters.<\/p>\n<\/div><div class=\"fusion-title title fusion-title-2 fusion-sep-none fusion-title-text fusion-title-size-three\"><h3 class=\"fusion-title-heading title-heading-left\" style=\"margin:0;\">Detailed Report<\/h3><\/div><div class=\"fusion-text fusion-text-2\"><p>We all feel reassured if we can keep an eye on our property. Our service includes a detailed report sent after each visit either by sms or email, according to your preference.<\/p>\n<\/div><div class=\"fusion-title title fusion-title-3 fusion-sep-none fusion-title-text fusion-title-size-three\"><h3 class=\"fusion-title-heading title-heading-left\" style=\"margin:0;\">Preparation of the property for upcoming stays (two stays per month included)<\/h3><\/div><div class=\"fusion-text fusion-text-3\"><p>Make stressful holiday departures a thing of the past! We\u2019ll make sure that everything in your house is ready and waiting for you. We will air all the rooms, have the house cleaned and even arrange for a supermarket delivery for a well-stocked kitchen upon your arrival.<\/p>\n<\/div><\/div><\/div><\/div><\/div>\n","protected":false},"excerpt":{"rendered":"<h2>Let us be your eyes and ears with our Premium Option for property owners!<\/h2>\n<p>If you live away from the peninsula most of the time, let us keep an eye on your property. We know you treasure it. La Conciergerie de la Presqu\u2019\u00cele is at your service to check up on your house on a regular basis. Our wide range of services for property owners will give you complete peace of mind, as if you were here yourself.<\/p>\n","protected":false},"featured_media":16044,"template":"","meta":[],"product_cat":[213,211],"product_tag":[],"class_list":["post-16154","product","type-product","status-publish","has-post-thumbnail","hentry","product_cat-option","product_cat-owner","wcpa_has_options"],"yoast_head":"<!-- This site is optimized with the Yoast SEO plugin v21.5 - https:\/\/yoast.com\/wordpress\/plugins\/seo\/ -->\n<title>Premium Option with a Contract - Conciergerie de la Presqu&#039;\u00eele du Cap Ferret<\/title>\n<meta name=\"description\" content=\"La Conciergerie de la Presqu\u2019\u00cele is at your service to check up on your house on a regular basis.\" \/>\n<meta name=\"robots\" content=\"index, follow, max-snippet:-1, max-image-preview:large, max-video-preview:-1\" \/>\n<link rel=\"canonical\" href=\"https:\/\/conciergerie-capferret.com\/en\/service\/premium-option-with-a-contract\/\" \/>\n<meta property=\"og:locale\" content=\"en_US\" \/>\n<meta property=\"og:type\" content=\"article\" \/>\n<meta property=\"og:title\" content=\"Premium Option with a Contract - Conciergerie de la Presqu&#039;\u00eele du Cap Ferret\" \/>\n<meta property=\"og:description\" content=\"La Conciergerie de la Presqu\u2019\u00cele is at your service to check up on your house on a regular basis.\" \/>\n<meta property=\"og:url\" content=\"https:\/\/conciergerie-capferret.com\/en\/service\/premium-option-with-a-contract\/\" \/>\n<meta property=\"og:site_name\" content=\"Conciergerie de la Presqu&#039;\u00eele du Cap Ferret\" \/>\n<meta property=\"article:publisher\" content=\"https:\/\/www.facebook.com\/Conciergerie-de-la-Presqu%c3%aele-105537604992701\" \/>\n<meta property=\"article:modified_time\" content=\"2023-07-18T14:18:06+00:00\" \/>\n<meta property=\"og:image\" content=\"https:\/\/conciergerie-capferret.com\/wp-content\/uploads\/2021\/04\/CARR4316.jpg\" \/>\n\t<meta property=\"og:image:width\" content=\"1200\" \/>\n\t<meta property=\"og:image:height\" content=\"800\" \/>\n\t<meta property=\"og:image:type\" content=\"image\/jpeg\" \/>\n<meta name=\"twitter:card\" content=\"summary_large_image\" \/>\n<meta name=\"twitter:label1\" content=\"Est. reading time\" \/>\n\t<meta name=\"twitter:data1\" content=\"4 minutes\" \/>\n<script type=\"application\/ld+json\" class=\"yoast-schema-graph\">{\"@context\":\"https:\/\/schema.org\",\"@graph\":[{\"@type\":\"WebPage\",\"@id\":\"https:\/\/conciergerie-capferret.com\/en\/service\/premium-option-with-a-contract\/\",\"url\":\"https:\/\/conciergerie-capferret.com\/en\/service\/premium-option-with-a-contract\/\",\"name\":\"Premium Option with a Contract - Conciergerie de la Presqu&#039;\u00eele du Cap Ferret\",\"isPartOf\":{\"@id\":\"https:\/\/conciergerie-capferret.com\/#website\"},\"datePublished\":\"2021-04-03T12:23:35+00:00\",\"dateModified\":\"2023-07-18T14:18:06+00:00\",\"description\":\"La Conciergerie de la Presqu\u2019\u00cele is at your service to check up on your house on a regular basis.\",\"breadcrumb\":{\"@id\":\"https:\/\/conciergerie-capferret.com\/en\/service\/premium-option-with-a-contract\/#breadcrumb\"},\"inLanguage\":\"en-US\",\"potentialAction\":[{\"@type\":\"ReadAction\",\"target\":[\"https:\/\/conciergerie-capferret.com\/en\/service\/premium-option-with-a-contract\/\"]}]},{\"@type\":\"BreadcrumbList\",\"@id\":\"https:\/\/conciergerie-capferret.com\/en\/service\/premium-option-with-a-contract\/#breadcrumb\",\"itemListElement\":[{\"@type\":\"ListItem\",\"position\":1,\"name\":\"Accueil\",\"item\":\"https:\/\/conciergerie-capferret.com\/en\/\"},{\"@type\":\"ListItem\",\"position\":2,\"name\":\"Shop\",\"item\":\"https:\/\/conciergerie-capferret.com\/en\/shop\/\"},{\"@type\":\"ListItem\",\"position\":3,\"name\":\"Premium Option with a Contract\"}]},{\"@type\":\"WebSite\",\"@id\":\"https:\/\/conciergerie-capferret.com\/#website\",\"url\":\"https:\/\/conciergerie-capferret.com\/\",\"name\":\"Conciergerie de la Presqu&#039;\u00eele du Cap Ferret\",\"description\":\"La promesse d&#039;une vie de palace entre bassin et oc\u00e9an\",\"publisher\":{\"@id\":\"https:\/\/conciergerie-capferret.com\/#organization\"},\"potentialAction\":[{\"@type\":\"SearchAction\",\"target\":{\"@type\":\"EntryPoint\",\"urlTemplate\":\"https:\/\/conciergerie-capferret.com\/?s={search_term_string}\"},\"query-input\":\"required name=search_term_string\"}],\"inLanguage\":\"en-US\"},{\"@type\":\"Organization\",\"@id\":\"https:\/\/conciergerie-capferret.com\/#organization\",\"name\":\"Conciergerie de la Presqu'\u00eele du Cap Ferret\",\"url\":\"https:\/\/conciergerie-capferret.com\/\",\"logo\":{\"@type\":\"ImageObject\",\"inLanguage\":\"en-US\",\"@id\":\"https:\/\/conciergerie-capferret.com\/#\/schema\/logo\/image\/\",\"url\":\"https:\/\/conciergerie-capferret.com\/wp-content\/uploads\/2021\/05\/logo-Conciergerie.svg\",\"contentUrl\":\"https:\/\/conciergerie-capferret.com\/wp-content\/uploads\/2021\/05\/logo-Conciergerie.svg\",\"width\":1110,\"height\":841,\"caption\":\"Conciergerie de la Presqu'\u00eele du Cap Ferret\"},\"image\":{\"@id\":\"https:\/\/conciergerie-capferret.com\/#\/schema\/logo\/image\/\"},\"sameAs\":[\"https:\/\/www.facebook.com\/Conciergerie-de-la-Presqu\u00eele-105537604992701\",\"https:\/\/www.instagram.com\/conciergeriepresquilecapferret\/\"]}]}<\/script>\n<!-- \/ Yoast SEO plugin. -->","yoast_head_json":{"title":"Premium Option with a Contract - Conciergerie de la Presqu&#039;\u00eele du Cap Ferret","description":"La Conciergerie de la Presqu\u2019\u00cele is at your service to check up on your house on a regular basis.","robots":{"index":"index","follow":"follow","max-snippet":"max-snippet:-1","max-image-preview":"max-image-preview:large","max-video-preview":"max-video-preview:-1"},"canonical":"https:\/\/conciergerie-capferret.com\/en\/service\/premium-option-with-a-contract\/","og_locale":"en_US","og_type":"article","og_title":"Premium Option with a Contract - Conciergerie de la Presqu&#039;\u00eele du Cap Ferret","og_description":"La Conciergerie de la Presqu\u2019\u00cele is at your service to check up on your house on a regular basis.","og_url":"https:\/\/conciergerie-capferret.com\/en\/service\/premium-option-with-a-contract\/","og_site_name":"Conciergerie de la Presqu&#039;\u00eele du Cap Ferret","article_publisher":"https:\/\/www.facebook.com\/Conciergerie-de-la-Presqu%c3%aele-105537604992701","article_modified_time":"2023-07-18T14:18:06+00:00","og_image":[{"width":1200,"height":800,"url":"https:\/\/conciergerie-capferret.com\/wp-content\/uploads\/2021\/04\/CARR4316.jpg","type":"image\/jpeg"}],"twitter_card":"summary_large_image","twitter_misc":{"Est. reading time":"4 minutes"},"schema":{"@context":"https:\/\/schema.org","@graph":[{"@type":"WebPage","@id":"https:\/\/conciergerie-capferret.com\/en\/service\/premium-option-with-a-contract\/","url":"https:\/\/conciergerie-capferret.com\/en\/service\/premium-option-with-a-contract\/","name":"Premium Option with a Contract - Conciergerie de la Presqu&#039;\u00eele du Cap Ferret","isPartOf":{"@id":"https:\/\/conciergerie-capferret.com\/#website"},"datePublished":"2021-04-03T12:23:35+00:00","dateModified":"2023-07-18T14:18:06+00:00","description":"La Conciergerie de la Presqu\u2019\u00cele is at your service to check up on your house on a regular basis.","breadcrumb":{"@id":"https:\/\/conciergerie-capferret.com\/en\/service\/premium-option-with-a-contract\/#breadcrumb"},"inLanguage":"en-US","potentialAction":[{"@type":"ReadAction","target":["https:\/\/conciergerie-capferret.com\/en\/service\/premium-option-with-a-contract\/"]}]},{"@type":"BreadcrumbList","@id":"https:\/\/conciergerie-capferret.com\/en\/service\/premium-option-with-a-contract\/#breadcrumb","itemListElement":[{"@type":"ListItem","position":1,"name":"Accueil","item":"https:\/\/conciergerie-capferret.com\/en\/"},{"@type":"ListItem","position":2,"name":"Shop","item":"https:\/\/conciergerie-capferret.com\/en\/shop\/"},{"@type":"ListItem","position":3,"name":"Premium Option with a Contract"}]},{"@type":"WebSite","@id":"https:\/\/conciergerie-capferret.com\/#website","url":"https:\/\/conciergerie-capferret.com\/","name":"Conciergerie de la Presqu&#039;\u00eele du Cap Ferret","description":"La promesse d&#039;une vie de palace entre bassin et oc\u00e9an","publisher":{"@id":"https:\/\/conciergerie-capferret.com\/#organization"},"potentialAction":[{"@type":"SearchAction","target":{"@type":"EntryPoint","urlTemplate":"https:\/\/conciergerie-capferret.com\/?s={search_term_string}"},"query-input":"required name=search_term_string"}],"inLanguage":"en-US"},{"@type":"Organization","@id":"https:\/\/conciergerie-capferret.com\/#organization","name":"Conciergerie de la Presqu'\u00eele du Cap Ferret","url":"https:\/\/conciergerie-capferret.com\/","logo":{"@type":"ImageObject","inLanguage":"en-US","@id":"https:\/\/conciergerie-capferret.com\/#\/schema\/logo\/image\/","url":"https:\/\/conciergerie-capferret.com\/wp-content\/uploads\/2021\/05\/logo-Conciergerie.svg","contentUrl":"https:\/\/conciergerie-capferret.com\/wp-content\/uploads\/2021\/05\/logo-Conciergerie.svg","width":1110,"height":841,"caption":"Conciergerie de la Presqu'\u00eele du Cap Ferret"},"image":{"@id":"https:\/\/conciergerie-capferret.com\/#\/schema\/logo\/image\/"},"sameAs":["https:\/\/www.facebook.com\/Conciergerie-de-la-Presqu\u00eele-105537604992701","https:\/\/www.instagram.com\/conciergeriepresquilecapferret\/"]}]}},"wcpa_form_fields":{"wcpaData":{"product":{"product_price":0,"price_html":"<span class=\"amount rnb_price_unit_16154\"> &nbsp;<span class=\"woocommerce-Price-amount amount\"><bdi>0.00<span class=\"woocommerce-Price-currencySymbol\">&euro;<\/span><\/bdi><\/span>&nbsp;\/Per Day<\/span>","original_product_price":0,"price_including_tax":0,"price_excluding_tax":0,"product_id":{"parent":16154,"variation":false},"is_variable":false,"stock_status":"instock","stock_quantity":null,"parent_sku":"","product_attributes":[],"custom_fields":[],"is_taxable":true},"fields":{"sec_10654a171597b6a":{"extra":{"key":"sec_10654a171597b6a","section_id":"sec_10654a171597b6a","name":"Default","status":1,"cl_rule":"show","enableCl":false,"relations":[],"toggle":true,"title_tag":"h3","show_title":false,"showPrice":"default","form_id":16272,"form_rules":{"exclude_from_discount":false,"fee_label":"Fee","disp_hide_options_price":false,"disp_show_section_price":false,"disp_show_field_price":true,"layout_option":"standard","pric_use_as_fee":false,"process_fee_as":"woo_fee"},"layout_option":"standard"},"fields":[[{"type":"content","subtype":"div","label":"","elementId":"wcpa-paragraph-1618744516156","pricingType":"fixed","cl_rule":"show","col":6,"relations":false,"active":true,"tooltip":"","value":"<p> <strong>Compris dans votre pack<\/p><\/strong><div style=\"font-size: 14px;\"><i class=\"far fa-check-circle\"><\/i> 1 passage hebdomadaire au domicile (avec compte rendu par SMS ou mail)\n<i class=\"far fa-check-circle\"><\/i> Gardiennage et gestion des cl\u00e9s\n<i class=\"far fa-check-circle\"><\/i> Organisation et supervision de la pr\u00e9paration de la villa avant s\u00e9jour propri\u00e9taire\n<i class=\"far fa-check-circle\"><\/i> Prestation m\u00e9nage \u00e0 la demande\n<i class=\"far fa-check-circle\"><\/i> 1 passage mensuel sur demande\n<i class=\"far fa-check-circle\"><\/i> Passage syst\u00e9matique apr\u00e8s temp\u00eate\/div>","name":"wcpa-paragraph-1618744516156","contentType":"plain","error":false,"gt_translate_keys":["label","value","tooltip"],"price_dependency":false,"cl_dependency":false}],[{"type":"separator","elementId":"wcpa-separator-1618745707912","height":"50","cl_rule":"show","col":6,"relations":false,"active":true,"tooltip":"","gt_translate_keys":["tooltip"],"price_dependency":false,"cl_dependency":false,"value":""}],[{"type":"select","required":true,"elementId":"wcpa-select-1617996137794","label":"Dur\u00e9e d'engagement","placeholder":"Choisissez la dur\u00e9e de votre engagement","enablePrice":true,"priceOptions":"different_for_all","pricingType":"fixed","name":"dure-dengagement","cl_rule":"show","col":6,"values":[{"label":"6 mois","value":"6 mois","price":"1260","pimage":"","pimage_id":"","pthumb":"","gt_translate_keys":["label"]},{"label":"12 mois","value":"12 mois","price":"2520","pimage":"","pimage_id":"","pthumb":"","gt_translate_keys":["label"]},{"label":"18 mois","value":"18 mois","price":"3780","pimage":"","pimage_id":"","pthumb":"","gt_translate_keys":["label"]},{"label":"24 mois","value":"24 mois","price":"5040","pimage":"","pimage_id":"","pthumb":"","gt_translate_keys":["label"]}],"relations":false,"price":0,"active":true,"tooltip":"","dropdown_type":"basic","error":false,"gt_translate_keys":["label","placeholder","tooltip"],"price_dependency":false,"cl_dependency":false,"value":""}]]}},"config":{"price_override":"","enable_recaptcha":true,"bind_quantity":false,"quantity_bind_formula":"","disp_summ_show_option_price":false,"disp_summ_show_product_price":false,"disp_summ_show_total_price":false,"disp_summ_show_fee":false,"disp_summ_show_discount":false,"summary_title":"","options_total_label":"Options Price","total_label":"Total","options_product_label":"Product Price","fee_label":"Fee","discount_label":"Discount","has_price":true,"has_quantity_formula":false},"mc_unit":1,"tax_rate":1,"tax_rate_real":0.2,"discount":{"percentage":0,"fixed":0},"design":{"conf":{"LabelPosition":"above","DescPosition":"above","UploadField":"custom_1","QuantityFieldStyle":"default"},"css":{"LeftLabelWidth":"120px"}},"formulas":[],"clones":false,"cartKey":false}},"_links":{"self":[{"href":"https:\/\/conciergerie-capferret.com\/en\/wp-json\/wp\/v2\/product\/16154","targetHints":{"allow":["GET"]}}],"collection":[{"href":"https:\/\/conciergerie-capferret.com\/en\/wp-json\/wp\/v2\/product"}],"about":[{"href":"https:\/\/conciergerie-capferret.com\/en\/wp-json\/wp\/v2\/types\/product"}],"wp:featuredmedia":[{"embeddable":true,"href":"https:\/\/conciergerie-capferret.com\/en\/wp-json\/wp\/v2\/media\/16044"}],"wp:attachment":[{"href":"https:\/\/conciergerie-capferret.com\/en\/wp-json\/wp\/v2\/media?parent=16154"}],"wp:term":[{"taxonomy":"product_cat","embeddable":true,"href":"https:\/\/conciergerie-capferret.com\/en\/wp-json\/wp\/v2\/product_cat?post=16154"},{"taxonomy":"product_tag","embeddable":true,"href":"https:\/\/conciergerie-capferret.com\/en\/wp-json\/wp\/v2\/product_tag?post=16154"}],"curies":[{"name":"wp","href":"https:\/\/api.w.org\/{rel}","templated":true}]}}