{"id":16134,"date":"2021-03-29T12:35:02","date_gmt":"2021-03-29T10:35:02","guid":{"rendered":"https:\/\/conciergerie-capferret.com\/service\/recreational-fishing\/"},"modified":"2023-11-02T16:25:02","modified_gmt":"2023-11-02T15:25:02","slug":"recreational-fishing","status":"publish","type":"product","link":"https:\/\/conciergerie-capferret.com\/en\/service\/recreational-fishing\/","title":{"rendered":"Recreational Fishing"},"content":{"rendered":"<div class=\"fusion-fullwidth fullwidth-box fusion-builder-row-1 fusion-flex-container nonhundred-percent-fullwidth non-hundred-percent-height-scrolling\" style=\"--awb-border-radius-top-left:0px;--awb-border-radius-top-right:0px;--awb-border-radius-bottom-right:0px;--awb-border-radius-bottom-left:0px;--awb-padding-top:0px;--awb-padding-right:0px;--awb-padding-bottom:0px;--awb-padding-left:0px;--awb-flex-wrap:wrap;\" ><div class=\"fusion-builder-row fusion-row fusion-flex-align-items-flex-start fusion-flex-content-wrap\" style=\"max-width:1430px;margin-left: calc(-4% \/ 2 );margin-right: calc(-4% \/ 2 );\"><div class=\"fusion-layout-column fusion_builder_column fusion-builder-column-0 fusion_builder_column_1_1 1_1 fusion-flex-column\" style=\"--awb-bg-size:cover;--awb-width-large:100%;--awb-margin-top-large:0px;--awb-spacing-right-large:1.92%;--awb-margin-bottom-large:0px;--awb-spacing-left-large:1.92%;--awb-width-medium:100%;--awb-spacing-right-medium:1.92%;--awb-spacing-left-medium:1.92%;--awb-width-small:100%;--awb-spacing-right-small:1.92%;--awb-spacing-left-small:1.92%;\"><div class=\"fusion-column-wrapper fusion-flex-justify-content-flex-start fusion-content-layout-column\"><div class=\"fusion-text fusion-text-1\"><p>From May to October, enjoy what is known as \u2018vertical fishing\u2019 and bring back a treasure of local seasonal fish, such as meagre, sea bream, sea bass, mackerel and weever fish. Discover \u2018cast fishing\u2019 used specifically for catching European seabass and spotted seabass. Or take a whole day to go white and red tuna fishing \u2013 an incredible experience that involves the trolling method of fishing and the lure or cast and retrieve method. Intrigued? Book now for an unforgettable day out.<\/p>\n<\/div><\/div><\/div><\/div><\/div>\n","protected":false},"excerpt":{"rendered":"<p>Never tried your hand at angling? Why not make it part of your holiday this year? What could be better than wiling away the time on the Bassin d\u2019Arcachon on a fishing boat? Come with us for a superior fishing experience.<\/p>\n","protected":false},"featured_media":16049,"template":"","meta":[],"product_cat":[208,202],"product_tag":[],"class_list":["post-16134","product","type-product","status-publish","has-post-thumbnail","hentry","product_cat-activities","product_cat-tenant","wcpa_has_options"],"yoast_head":"<!-- This site is optimized with the Yoast SEO plugin v21.5 - https:\/\/yoast.com\/wordpress\/plugins\/seo\/ -->\n<title>Recreational Fishing - Conciergerie de la Presqu&#039;\u00eele du Cap Ferret<\/title>\n<meta name=\"description\" content=\"What could be better than a sport fishing trip off the Bassin for an active vacation with a whole new range of activities?\" \/>\n<meta name=\"robots\" content=\"index, follow, max-snippet:-1, max-image-preview:large, max-video-preview:-1\" \/>\n<link rel=\"canonical\" href=\"https:\/\/conciergerie-capferret.com\/en\/service\/recreational-fishing\/\" \/>\n<meta property=\"og:locale\" content=\"en_US\" \/>\n<meta property=\"og:type\" content=\"article\" \/>\n<meta property=\"og:title\" content=\"Recreational Fishing - Conciergerie de la Presqu&#039;\u00eele du Cap Ferret\" \/>\n<meta property=\"og:description\" content=\"What could be better than a sport fishing trip off the Bassin for an active vacation with a whole new range of activities?\" \/>\n<meta property=\"og:url\" content=\"https:\/\/conciergerie-capferret.com\/en\/service\/recreational-fishing\/\" \/>\n<meta property=\"og:site_name\" content=\"Conciergerie de la Presqu&#039;\u00eele du Cap Ferret\" \/>\n<meta property=\"article:publisher\" content=\"https:\/\/www.facebook.com\/Conciergerie-de-la-Presqu%c3%aele-105537604992701\" \/>\n<meta property=\"article:modified_time\" content=\"2023-11-02T15:25:02+00:00\" \/>\n<meta property=\"og:image\" content=\"https:\/\/conciergerie-capferret.com\/wp-content\/uploads\/2021\/03\/Peche-sportive-1.jpg\" \/>\n\t<meta property=\"og:image:width\" content=\"2560\" \/>\n\t<meta property=\"og:image:height\" content=\"1707\" \/>\n\t<meta property=\"og:image:type\" content=\"image\/jpeg\" \/>\n<meta name=\"twitter:card\" content=\"summary_large_image\" \/>\n<meta name=\"twitter:label1\" content=\"Est. reading time\" \/>\n\t<meta name=\"twitter:data1\" content=\"2 minutes\" \/>\n<script type=\"application\/ld+json\" class=\"yoast-schema-graph\">{\"@context\":\"https:\/\/schema.org\",\"@graph\":[{\"@type\":\"WebPage\",\"@id\":\"https:\/\/conciergerie-capferret.com\/en\/service\/recreational-fishing\/\",\"url\":\"https:\/\/conciergerie-capferret.com\/en\/service\/recreational-fishing\/\",\"name\":\"Recreational Fishing - Conciergerie de la Presqu&#039;\u00eele du Cap Ferret\",\"isPartOf\":{\"@id\":\"https:\/\/conciergerie-capferret.com\/#website\"},\"datePublished\":\"2021-03-29T10:35:02+00:00\",\"dateModified\":\"2023-11-02T15:25:02+00:00\",\"description\":\"What could be better than a sport fishing trip off the Bassin for an active vacation with a whole new range of activities?\",\"breadcrumb\":{\"@id\":\"https:\/\/conciergerie-capferret.com\/en\/service\/recreational-fishing\/#breadcrumb\"},\"inLanguage\":\"en-US\",\"potentialAction\":[{\"@type\":\"ReadAction\",\"target\":[\"https:\/\/conciergerie-capferret.com\/en\/service\/recreational-fishing\/\"]}]},{\"@type\":\"BreadcrumbList\",\"@id\":\"https:\/\/conciergerie-capferret.com\/en\/service\/recreational-fishing\/#breadcrumb\",\"itemListElement\":[{\"@type\":\"ListItem\",\"position\":1,\"name\":\"Accueil\",\"item\":\"https:\/\/conciergerie-capferret.com\/en\/\"},{\"@type\":\"ListItem\",\"position\":2,\"name\":\"Shop\",\"item\":\"https:\/\/conciergerie-capferret.com\/en\/shop\/\"},{\"@type\":\"ListItem\",\"position\":3,\"name\":\"Recreational Fishing\"}]},{\"@type\":\"WebSite\",\"@id\":\"https:\/\/conciergerie-capferret.com\/#website\",\"url\":\"https:\/\/conciergerie-capferret.com\/\",\"name\":\"Conciergerie de la Presqu&#039;\u00eele du Cap Ferret\",\"description\":\"La promesse d&#039;une vie de palace entre bassin et oc\u00e9an\",\"publisher\":{\"@id\":\"https:\/\/conciergerie-capferret.com\/#organization\"},\"potentialAction\":[{\"@type\":\"SearchAction\",\"target\":{\"@type\":\"EntryPoint\",\"urlTemplate\":\"https:\/\/conciergerie-capferret.com\/?s={search_term_string}\"},\"query-input\":\"required name=search_term_string\"}],\"inLanguage\":\"en-US\"},{\"@type\":\"Organization\",\"@id\":\"https:\/\/conciergerie-capferret.com\/#organization\",\"name\":\"Conciergerie de la Presqu'\u00eele du Cap Ferret\",\"url\":\"https:\/\/conciergerie-capferret.com\/\",\"logo\":{\"@type\":\"ImageObject\",\"inLanguage\":\"en-US\",\"@id\":\"https:\/\/conciergerie-capferret.com\/#\/schema\/logo\/image\/\",\"url\":\"https:\/\/conciergerie-capferret.com\/wp-content\/uploads\/2021\/05\/logo-Conciergerie.svg\",\"contentUrl\":\"https:\/\/conciergerie-capferret.com\/wp-content\/uploads\/2021\/05\/logo-Conciergerie.svg\",\"width\":1110,\"height\":841,\"caption\":\"Conciergerie de la Presqu'\u00eele du Cap Ferret\"},\"image\":{\"@id\":\"https:\/\/conciergerie-capferret.com\/#\/schema\/logo\/image\/\"},\"sameAs\":[\"https:\/\/www.facebook.com\/Conciergerie-de-la-Presqu\u00eele-105537604992701\",\"https:\/\/www.instagram.com\/conciergeriepresquilecapferret\/\"]}]}<\/script>\n<!-- \/ Yoast SEO plugin. -->","yoast_head_json":{"title":"Recreational Fishing - Conciergerie de la Presqu&#039;\u00eele du Cap Ferret","description":"What could be better than a sport fishing trip off the Bassin for an active vacation with a whole new range of activities?","robots":{"index":"index","follow":"follow","max-snippet":"max-snippet:-1","max-image-preview":"max-image-preview:large","max-video-preview":"max-video-preview:-1"},"canonical":"https:\/\/conciergerie-capferret.com\/en\/service\/recreational-fishing\/","og_locale":"en_US","og_type":"article","og_title":"Recreational Fishing - Conciergerie de la Presqu&#039;\u00eele du Cap Ferret","og_description":"What could be better than a sport fishing trip off the Bassin for an active vacation with a whole new range of activities?","og_url":"https:\/\/conciergerie-capferret.com\/en\/service\/recreational-fishing\/","og_site_name":"Conciergerie de la Presqu&#039;\u00eele du Cap Ferret","article_publisher":"https:\/\/www.facebook.com\/Conciergerie-de-la-Presqu%c3%aele-105537604992701","article_modified_time":"2023-11-02T15:25:02+00:00","og_image":[{"width":2560,"height":1707,"url":"https:\/\/conciergerie-capferret.com\/wp-content\/uploads\/2021\/03\/Peche-sportive-1.jpg","type":"image\/jpeg"}],"twitter_card":"summary_large_image","twitter_misc":{"Est. reading time":"2 minutes"},"schema":{"@context":"https:\/\/schema.org","@graph":[{"@type":"WebPage","@id":"https:\/\/conciergerie-capferret.com\/en\/service\/recreational-fishing\/","url":"https:\/\/conciergerie-capferret.com\/en\/service\/recreational-fishing\/","name":"Recreational Fishing - Conciergerie de la Presqu&#039;\u00eele du Cap Ferret","isPartOf":{"@id":"https:\/\/conciergerie-capferret.com\/#website"},"datePublished":"2021-03-29T10:35:02+00:00","dateModified":"2023-11-02T15:25:02+00:00","description":"What could be better than a sport fishing trip off the Bassin for an active vacation with a whole new range of activities?","breadcrumb":{"@id":"https:\/\/conciergerie-capferret.com\/en\/service\/recreational-fishing\/#breadcrumb"},"inLanguage":"en-US","potentialAction":[{"@type":"ReadAction","target":["https:\/\/conciergerie-capferret.com\/en\/service\/recreational-fishing\/"]}]},{"@type":"BreadcrumbList","@id":"https:\/\/conciergerie-capferret.com\/en\/service\/recreational-fishing\/#breadcrumb","itemListElement":[{"@type":"ListItem","position":1,"name":"Accueil","item":"https:\/\/conciergerie-capferret.com\/en\/"},{"@type":"ListItem","position":2,"name":"Shop","item":"https:\/\/conciergerie-capferret.com\/en\/shop\/"},{"@type":"ListItem","position":3,"name":"Recreational Fishing"}]},{"@type":"WebSite","@id":"https:\/\/conciergerie-capferret.com\/#website","url":"https:\/\/conciergerie-capferret.com\/","name":"Conciergerie de la Presqu&#039;\u00eele du Cap Ferret","description":"La promesse d&#039;une vie de palace entre bassin et oc\u00e9an","publisher":{"@id":"https:\/\/conciergerie-capferret.com\/#organization"},"potentialAction":[{"@type":"SearchAction","target":{"@type":"EntryPoint","urlTemplate":"https:\/\/conciergerie-capferret.com\/?s={search_term_string}"},"query-input":"required name=search_term_string"}],"inLanguage":"en-US"},{"@type":"Organization","@id":"https:\/\/conciergerie-capferret.com\/#organization","name":"Conciergerie de la Presqu'\u00eele du Cap Ferret","url":"https:\/\/conciergerie-capferret.com\/","logo":{"@type":"ImageObject","inLanguage":"en-US","@id":"https:\/\/conciergerie-capferret.com\/#\/schema\/logo\/image\/","url":"https:\/\/conciergerie-capferret.com\/wp-content\/uploads\/2021\/05\/logo-Conciergerie.svg","contentUrl":"https:\/\/conciergerie-capferret.com\/wp-content\/uploads\/2021\/05\/logo-Conciergerie.svg","width":1110,"height":841,"caption":"Conciergerie de la Presqu'\u00eele du Cap Ferret"},"image":{"@id":"https:\/\/conciergerie-capferret.com\/#\/schema\/logo\/image\/"},"sameAs":["https:\/\/www.facebook.com\/Conciergerie-de-la-Presqu\u00eele-105537604992701","https:\/\/www.instagram.com\/conciergeriepresquilecapferret\/"]}]}},"wcpa_form_fields":{"wcpaData":{"product":{"product_price":0,"price_html":"<span class=\"amount rnb_price_unit_16134\"> &nbsp;<span class=\"woocommerce-Price-amount amount\"><bdi>0.00<span class=\"woocommerce-Price-currencySymbol\">&euro;<\/span><\/bdi><\/span>&nbsp;\/Per Day<\/span>","original_product_price":0,"price_including_tax":0,"price_excluding_tax":0,"product_id":{"parent":16134,"variation":false},"is_variable":false,"stock_status":"instock","stock_quantity":null,"parent_sku":"","product_attributes":[],"custom_fields":[],"is_taxable":true},"fields":{"sec_669ea761e61f31":{"extra":{"key":"sec_669ea761e61f31","section_id":"sec_669ea761e61f31","name":"Default","status":1,"cl_rule":"show","enableCl":false,"relations":[],"toggle":true,"title_tag":"h3","show_title":false,"showPrice":"default","form_id":16255,"form_rules":{"exclude_from_discount":false,"fee_label":"Fee","disp_hide_options_price":false,"disp_show_section_price":false,"disp_show_field_price":true,"layout_option":"standard","pric_use_as_fee":false,"process_fee_as":"woo_fee"},"layout_option":"standard"},"fields":[[{"type":"select","required":true,"elementId":"wcpa-select-1617391701410","label":"Number of people","placeholder":"Choose the number of people","priceOptions":"different_for_all","pricingType":"fixed","name":"nombre-de-personnes","cl_rule":"show","col":6,"values":[{"label":"1 person","value":"1 personne","price":"","pimage":"","pimage_id":"","pthumb":"","gt_translate_keys":["label"]},{"label":"2 persons","value":"2 personnes","price":"","pimage":"","pimage_id":"","pthumb":"","gt_translate_keys":["label"]},{"label":"3 persons","value":"3 personnes","price":"","pimage":"","pimage_id":"","pthumb":"","gt_translate_keys":["label"]},{"label":"4 persons","value":"4 personnes","price":"","pimage":"","pimage_id":"","pthumb":"","gt_translate_keys":["label"]},{"label":"5 persons","value":"5 personnes","price":"","pimage":"","pimage_id":"","pthumb":"","gt_translate_keys":["label"]},{"label":"6 persons","value":"6 personnes","price":"","pimage":"","pimage_id":"","pthumb":"","gt_translate_keys":["label"]},{"label":"7 persons","value":"7 personnes","price":"","pimage":"","pimage_id":"","pthumb":"","gt_translate_keys":["label"]},{"label":"8 persons","value":"8 personnes","price":"","pimage":"","pimage_id":"","pthumb":"","gt_translate_keys":["label"]},{"label":"9 persons","value":"9 personnes","price":"","pimage":"","pimage_id":"","pthumb":"","gt_translate_keys":["label"]},{"label":"10 persons","value":"10 personnes","price":"","pimage":"","pimage_id":"","pthumb":"","gt_translate_keys":["label"]},{"label":"11 persons","value":"11 personnes","price":"","pimage":"","pimage_id":"","pthumb":"","gt_translate_keys":["label"]},{"label":"12 persons","value":"12 personnes","price":"","pimage":"","pimage_id":"","pthumb":"","gt_translate_keys":["label"]},{"label":"13 persons","value":"13 personnes","price":"","pimage":"","pimage_id":"","pthumb":"","gt_translate_keys":["label"]},{"label":"14 persons","value":"14 personnes","price":"","pimage":"","pimage_id":"","pthumb":"","gt_translate_keys":["label"]},{"label":"15 persons","value":"15 personnes","price":"","pimage":"","pimage_id":"","pthumb":"","gt_translate_keys":["label"]},{"label":"16 persons","value":"16 personnes","price":"","pimage":"","pimage_id":"","pthumb":"","gt_translate_keys":["label"]},{"label":"17 persons","value":"17 personnes","price":"","pimage":"","pimage_id":"","pthumb":"","gt_translate_keys":["label"]},{"label":"18 persons","value":"18 personnes","price":"","pimage":"","pimage_id":"","pthumb":"","gt_translate_keys":["label"]},{"label":"19 persons","value":"19 personnes","price":"","pimage":"","pimage_id":"","pthumb":"","gt_translate_keys":["label"]},{"label":"20 persons","value":"20 personnes","price":"","pimage":"","pimage_id":"","pthumb":"","gt_translate_keys":["label"]}],"relations":false,"active":true,"tooltip":"","gt_translate_keys":["label","placeholder","tooltip"],"price_dependency":false,"cl_dependency":false,"value":""}],[{"type":"select","required":true,"elementId":"wcpa-select-1617391791843","label":"Type of fishing","placeholder":"Choose the type of service","priceOptions":"different_for_all","pricingType":"fixed","name":"nature-de-la-prestation","cl_rule":"show","col":6,"values":[{"label":"One day tune fishing","value":"Journ\u00e9e p\u00eache au thon","price":"","pimage":"","pimage_id":"","pthumb":"","gt_translate_keys":["label"]},{"label":"Half-day initiation","value":"Demi-journ\u00e9e p\u00eache d\u00e9couverte","price":"","pimage":"","pimage_id":"","pthumb":"","gt_translate_keys":["label"]},{"label":"Half-day coastal fishing","value":"Demi-journ\u00e9e p\u00eache c\u00f4ti\u00e8re","price":"","pimage":"","pimage_id":"","pthumb":"","gt_translate_keys":["label"]},{"label":"One day coastal fishing","value":"Journ\u00e9e p\u00eache c\u00f4ti\u00e8re","price":"","pimage":"","pimage_id":"","pthumb":"","gt_translate_keys":["label"]}],"relations":false,"active":true,"tooltip":"","gt_translate_keys":["label","placeholder","tooltip"],"price_dependency":false,"cl_dependency":false,"value":""}]]}},"config":{"price_override":"","enable_recaptcha":true,"bind_quantity":false,"quantity_bind_formula":"","disp_summ_show_option_price":false,"disp_summ_show_product_price":false,"disp_summ_show_total_price":false,"disp_summ_show_fee":false,"disp_summ_show_discount":false,"summary_title":"","options_total_label":"Options Price","total_label":"Total","options_product_label":"Product Price","fee_label":"Fee","discount_label":"Discount","has_price":true,"has_quantity_formula":false},"mc_unit":1,"tax_rate":1,"tax_rate_real":0.2,"discount":{"percentage":0,"fixed":0},"design":{"conf":{"LabelPosition":"above","DescPosition":"above","UploadField":"custom_1","QuantityFieldStyle":"default"},"css":{"LeftLabelWidth":"120px"}},"formulas":[],"clones":false,"cartKey":false}},"_links":{"self":[{"href":"https:\/\/conciergerie-capferret.com\/en\/wp-json\/wp\/v2\/product\/16134","targetHints":{"allow":["GET"]}}],"collection":[{"href":"https:\/\/conciergerie-capferret.com\/en\/wp-json\/wp\/v2\/product"}],"about":[{"href":"https:\/\/conciergerie-capferret.com\/en\/wp-json\/wp\/v2\/types\/product"}],"wp:featuredmedia":[{"embeddable":true,"href":"https:\/\/conciergerie-capferret.com\/en\/wp-json\/wp\/v2\/media\/16049"}],"wp:attachment":[{"href":"https:\/\/conciergerie-capferret.com\/en\/wp-json\/wp\/v2\/media?parent=16134"}],"wp:term":[{"taxonomy":"product_cat","embeddable":true,"href":"https:\/\/conciergerie-capferret.com\/en\/wp-json\/wp\/v2\/product_cat?post=16134"},{"taxonomy":"product_tag","embeddable":true,"href":"https:\/\/conciergerie-capferret.com\/en\/wp-json\/wp\/v2\/product_tag?post=16134"}],"curies":[{"name":"wp","href":"https:\/\/api.w.org\/{rel}","templated":true}]}}