{"id":16131,"date":"2021-03-28T18:45:49","date_gmt":"2021-03-28T16:45:49","guid":{"rendered":"https:\/\/conciergerie-capferret.com\/service\/care-hire\/"},"modified":"2023-11-02T16:26:13","modified_gmt":"2023-11-02T15:26:13","slug":"care-hire","status":"publish","type":"product","link":"https:\/\/conciergerie-capferret.com\/en\/service\/care-hire\/","title":{"rendered":"Care Hire"},"content":{"rendered":"<div class=\"fusion-fullwidth fullwidth-box fusion-builder-row-1 fusion-flex-container nonhundred-percent-fullwidth non-hundred-percent-height-scrolling\" style=\"--awb-border-radius-top-left:0px;--awb-border-radius-top-right:0px;--awb-border-radius-bottom-right:0px;--awb-border-radius-bottom-left:0px;--awb-padding-top:0px;--awb-padding-right:0px;--awb-padding-bottom:0px;--awb-padding-left:0px;--awb-flex-wrap:wrap;\" ><div class=\"fusion-builder-row fusion-row fusion-flex-align-items-flex-start fusion-flex-content-wrap\" style=\"max-width:1430px;margin-left: calc(-4% \/ 2 );margin-right: calc(-4% \/ 2 );\"><div class=\"fusion-layout-column fusion_builder_column fusion-builder-column-0 fusion_builder_column_1_1 1_1 fusion-flex-column\" style=\"--awb-bg-size:cover;--awb-width-large:100%;--awb-margin-top-large:0px;--awb-spacing-right-large:1.92%;--awb-margin-bottom-large:0px;--awb-spacing-left-large:1.92%;--awb-width-medium:100%;--awb-spacing-right-medium:1.92%;--awb-spacing-left-medium:1.92%;--awb-width-small:100%;--awb-spacing-right-small:1.92%;--awb-spacing-left-small:1.92%;\"><div class=\"fusion-column-wrapper fusion-flex-justify-content-flex-start fusion-content-layout-column\"><div class=\"fusion-text fusion-text-1\"><p>Renting a car just for the day allows you to plan a day trip to Bordeaux or a visit to the vineyards of the surrounding area. But it\u2019s also possible to rent a car the whole of your stay if you prefer. Our partners offer a wide range of models to suit everyone \u2013 whether you are a family with children or a couple. Find the vehicle of your choice from a fleet of comfortable, safe, well-maintained vehicles. If you are organizing a big event and need a utility vehicle, CUV or SUV, our car rental partners can provide you with what you need.<br \/>Dreaming of driving along the ocean road in a M\u00e9hari? We can help turn your dream into reality. And, if you\u2019re looking to make an entrance, why not opt for a vintage or collectors\u2019 model? Guaranteed to turn heads when you arrive at the market!<\/p>\n<\/div><\/div><\/div><\/div><\/div>\n","protected":false},"excerpt":{"rendered":"<p>Perhaps this year you have decided to take the train to avoid the heavy traffic of the summer months but realize that once you get here, a car might be useful. If so, we have the ideal solution with our car hire service.<\/p>\n","protected":false},"featured_media":15990,"template":"","meta":[],"product_cat":[207,202],"product_tag":[],"class_list":["post-16131","product","type-product","status-publish","has-post-thumbnail","hentry","product_cat-rental-services","product_cat-tenant","wcpa_has_options"],"yoast_head":"<!-- This site is optimized with the Yoast SEO plugin v21.5 - https:\/\/yoast.com\/wordpress\/plugins\/seo\/ -->\n<title>Care Hire - Conciergerie de la Presqu&#039;\u00eele du Cap Ferret<\/title>\n<meta name=\"description\" content=\"We offer a car rental solution for all your trips and excursions on the Presqu&#039;\u00eele au Cap-Ferret.\" \/>\n<meta name=\"robots\" content=\"index, follow, max-snippet:-1, max-image-preview:large, max-video-preview:-1\" \/>\n<link rel=\"canonical\" href=\"https:\/\/conciergerie-capferret.com\/en\/service\/care-hire\/\" \/>\n<meta property=\"og:locale\" content=\"en_US\" \/>\n<meta property=\"og:type\" content=\"article\" \/>\n<meta property=\"og:title\" content=\"Care Hire - Conciergerie de la Presqu&#039;\u00eele du Cap Ferret\" \/>\n<meta property=\"og:description\" content=\"We offer a car rental solution for all your trips and excursions on the Presqu&#039;\u00eele au Cap-Ferret.\" \/>\n<meta property=\"og:url\" content=\"https:\/\/conciergerie-capferret.com\/en\/service\/care-hire\/\" \/>\n<meta property=\"og:site_name\" content=\"Conciergerie de la Presqu&#039;\u00eele du Cap Ferret\" \/>\n<meta property=\"article:publisher\" content=\"https:\/\/www.facebook.com\/Conciergerie-de-la-Presqu%c3%aele-105537604992701\" \/>\n<meta property=\"article:modified_time\" content=\"2023-11-02T15:26:13+00:00\" \/>\n<meta property=\"og:image\" content=\"https:\/\/conciergerie-capferret.com\/wp-content\/uploads\/2021\/03\/Location-voiture.jpg\" \/>\n\t<meta property=\"og:image:width\" content=\"1920\" \/>\n\t<meta property=\"og:image:height\" content=\"1280\" \/>\n\t<meta property=\"og:image:type\" content=\"image\/jpeg\" \/>\n<meta name=\"twitter:card\" content=\"summary_large_image\" \/>\n<meta name=\"twitter:label1\" content=\"Est. reading time\" \/>\n\t<meta name=\"twitter:data1\" content=\"2 minutes\" \/>\n<script type=\"application\/ld+json\" class=\"yoast-schema-graph\">{\"@context\":\"https:\/\/schema.org\",\"@graph\":[{\"@type\":\"WebPage\",\"@id\":\"https:\/\/conciergerie-capferret.com\/en\/service\/care-hire\/\",\"url\":\"https:\/\/conciergerie-capferret.com\/en\/service\/care-hire\/\",\"name\":\"Care Hire - Conciergerie de la Presqu&#039;\u00eele du Cap Ferret\",\"isPartOf\":{\"@id\":\"https:\/\/conciergerie-capferret.com\/#website\"},\"datePublished\":\"2021-03-28T16:45:49+00:00\",\"dateModified\":\"2023-11-02T15:26:13+00:00\",\"description\":\"We offer a car rental solution for all your trips and excursions on the Presqu'\u00eele au Cap-Ferret.\",\"breadcrumb\":{\"@id\":\"https:\/\/conciergerie-capferret.com\/en\/service\/care-hire\/#breadcrumb\"},\"inLanguage\":\"en-US\",\"potentialAction\":[{\"@type\":\"ReadAction\",\"target\":[\"https:\/\/conciergerie-capferret.com\/en\/service\/care-hire\/\"]}]},{\"@type\":\"BreadcrumbList\",\"@id\":\"https:\/\/conciergerie-capferret.com\/en\/service\/care-hire\/#breadcrumb\",\"itemListElement\":[{\"@type\":\"ListItem\",\"position\":1,\"name\":\"Accueil\",\"item\":\"https:\/\/conciergerie-capferret.com\/en\/\"},{\"@type\":\"ListItem\",\"position\":2,\"name\":\"Shop\",\"item\":\"https:\/\/conciergerie-capferret.com\/en\/shop\/\"},{\"@type\":\"ListItem\",\"position\":3,\"name\":\"Care Hire\"}]},{\"@type\":\"WebSite\",\"@id\":\"https:\/\/conciergerie-capferret.com\/#website\",\"url\":\"https:\/\/conciergerie-capferret.com\/\",\"name\":\"Conciergerie de la Presqu&#039;\u00eele du Cap Ferret\",\"description\":\"La promesse d&#039;une vie de palace entre bassin et oc\u00e9an\",\"publisher\":{\"@id\":\"https:\/\/conciergerie-capferret.com\/#organization\"},\"potentialAction\":[{\"@type\":\"SearchAction\",\"target\":{\"@type\":\"EntryPoint\",\"urlTemplate\":\"https:\/\/conciergerie-capferret.com\/?s={search_term_string}\"},\"query-input\":\"required name=search_term_string\"}],\"inLanguage\":\"en-US\"},{\"@type\":\"Organization\",\"@id\":\"https:\/\/conciergerie-capferret.com\/#organization\",\"name\":\"Conciergerie de la Presqu'\u00eele du Cap Ferret\",\"url\":\"https:\/\/conciergerie-capferret.com\/\",\"logo\":{\"@type\":\"ImageObject\",\"inLanguage\":\"en-US\",\"@id\":\"https:\/\/conciergerie-capferret.com\/#\/schema\/logo\/image\/\",\"url\":\"https:\/\/conciergerie-capferret.com\/wp-content\/uploads\/2021\/05\/logo-Conciergerie.svg\",\"contentUrl\":\"https:\/\/conciergerie-capferret.com\/wp-content\/uploads\/2021\/05\/logo-Conciergerie.svg\",\"width\":1110,\"height\":841,\"caption\":\"Conciergerie de la Presqu'\u00eele du Cap Ferret\"},\"image\":{\"@id\":\"https:\/\/conciergerie-capferret.com\/#\/schema\/logo\/image\/\"},\"sameAs\":[\"https:\/\/www.facebook.com\/Conciergerie-de-la-Presqu\u00eele-105537604992701\",\"https:\/\/www.instagram.com\/conciergeriepresquilecapferret\/\"]}]}<\/script>\n<!-- \/ Yoast SEO plugin. -->","yoast_head_json":{"title":"Care Hire - Conciergerie de la Presqu&#039;\u00eele du Cap Ferret","description":"We offer a car rental solution for all your trips and excursions on the Presqu'\u00eele au Cap-Ferret.","robots":{"index":"index","follow":"follow","max-snippet":"max-snippet:-1","max-image-preview":"max-image-preview:large","max-video-preview":"max-video-preview:-1"},"canonical":"https:\/\/conciergerie-capferret.com\/en\/service\/care-hire\/","og_locale":"en_US","og_type":"article","og_title":"Care Hire - Conciergerie de la Presqu&#039;\u00eele du Cap Ferret","og_description":"We offer a car rental solution for all your trips and excursions on the Presqu'\u00eele au Cap-Ferret.","og_url":"https:\/\/conciergerie-capferret.com\/en\/service\/care-hire\/","og_site_name":"Conciergerie de la Presqu&#039;\u00eele du Cap Ferret","article_publisher":"https:\/\/www.facebook.com\/Conciergerie-de-la-Presqu%c3%aele-105537604992701","article_modified_time":"2023-11-02T15:26:13+00:00","og_image":[{"width":1920,"height":1280,"url":"https:\/\/conciergerie-capferret.com\/wp-content\/uploads\/2021\/03\/Location-voiture.jpg","type":"image\/jpeg"}],"twitter_card":"summary_large_image","twitter_misc":{"Est. reading time":"2 minutes"},"schema":{"@context":"https:\/\/schema.org","@graph":[{"@type":"WebPage","@id":"https:\/\/conciergerie-capferret.com\/en\/service\/care-hire\/","url":"https:\/\/conciergerie-capferret.com\/en\/service\/care-hire\/","name":"Care Hire - Conciergerie de la Presqu&#039;\u00eele du Cap Ferret","isPartOf":{"@id":"https:\/\/conciergerie-capferret.com\/#website"},"datePublished":"2021-03-28T16:45:49+00:00","dateModified":"2023-11-02T15:26:13+00:00","description":"We offer a car rental solution for all your trips and excursions on the Presqu'\u00eele au Cap-Ferret.","breadcrumb":{"@id":"https:\/\/conciergerie-capferret.com\/en\/service\/care-hire\/#breadcrumb"},"inLanguage":"en-US","potentialAction":[{"@type":"ReadAction","target":["https:\/\/conciergerie-capferret.com\/en\/service\/care-hire\/"]}]},{"@type":"BreadcrumbList","@id":"https:\/\/conciergerie-capferret.com\/en\/service\/care-hire\/#breadcrumb","itemListElement":[{"@type":"ListItem","position":1,"name":"Accueil","item":"https:\/\/conciergerie-capferret.com\/en\/"},{"@type":"ListItem","position":2,"name":"Shop","item":"https:\/\/conciergerie-capferret.com\/en\/shop\/"},{"@type":"ListItem","position":3,"name":"Care Hire"}]},{"@type":"WebSite","@id":"https:\/\/conciergerie-capferret.com\/#website","url":"https:\/\/conciergerie-capferret.com\/","name":"Conciergerie de la Presqu&#039;\u00eele du Cap Ferret","description":"La promesse d&#039;une vie de palace entre bassin et oc\u00e9an","publisher":{"@id":"https:\/\/conciergerie-capferret.com\/#organization"},"potentialAction":[{"@type":"SearchAction","target":{"@type":"EntryPoint","urlTemplate":"https:\/\/conciergerie-capferret.com\/?s={search_term_string}"},"query-input":"required name=search_term_string"}],"inLanguage":"en-US"},{"@type":"Organization","@id":"https:\/\/conciergerie-capferret.com\/#organization","name":"Conciergerie de la Presqu'\u00eele du Cap Ferret","url":"https:\/\/conciergerie-capferret.com\/","logo":{"@type":"ImageObject","inLanguage":"en-US","@id":"https:\/\/conciergerie-capferret.com\/#\/schema\/logo\/image\/","url":"https:\/\/conciergerie-capferret.com\/wp-content\/uploads\/2021\/05\/logo-Conciergerie.svg","contentUrl":"https:\/\/conciergerie-capferret.com\/wp-content\/uploads\/2021\/05\/logo-Conciergerie.svg","width":1110,"height":841,"caption":"Conciergerie de la Presqu'\u00eele du Cap Ferret"},"image":{"@id":"https:\/\/conciergerie-capferret.com\/#\/schema\/logo\/image\/"},"sameAs":["https:\/\/www.facebook.com\/Conciergerie-de-la-Presqu\u00eele-105537604992701","https:\/\/www.instagram.com\/conciergeriepresquilecapferret\/"]}]}},"wcpa_form_fields":{"wcpaData":{"product":{"product_price":0,"price_html":"<span class=\"amount rnb_price_unit_16131\"> &nbsp;<span class=\"woocommerce-Price-amount amount\"><bdi>0.00<span class=\"woocommerce-Price-currencySymbol\">&euro;<\/span><\/bdi><\/span>&nbsp;\/Per Day<\/span>","original_product_price":0,"price_including_tax":0,"price_excluding_tax":0,"product_id":{"parent":16131,"variation":false},"is_variable":false,"stock_status":"instock","stock_quantity":null,"parent_sku":"","product_attributes":[],"custom_fields":[],"is_taxable":true},"fields":{"sec_369eb053041d6a":{"extra":{"key":"sec_369eb053041d6a","section_id":"sec_369eb053041d6a","name":"Default","status":1,"cl_rule":"show","enableCl":false,"relations":[],"toggle":true,"title_tag":"h3","show_title":false,"showPrice":"default","form_id":16252,"form_rules":{"exclude_from_discount":false,"fee_label":"Fee","disp_hide_options_price":false,"disp_show_section_price":false,"disp_show_field_price":true,"layout_option":"standard","pric_use_as_fee":false,"process_fee_as":"woo_fee"},"layout_option":"standard"},"fields":[[{"type":"placeselector","required":true,"elementId":"wcpa-placeselector-1618936727450","label":"Address","placeholder":"Enter villa address","map_height":"300","pricingType":"fixed","name":"adresse-de-la-villa","cl_rule":"show","col":6,"values":[],"relations":false,"active":true,"tooltip":"","gt_translate_keys":["label","placeholder","tooltip"],"price_dependency":false,"cl_dependency":false,"value":""}],[{"type":"select","required":true,"elementId":"wcpa-select-1617386308127","label":"Number of cars","placeholder":"Choose the number of vehicles","priceOptions":"different_for_all","pricingType":"fixed","name":"nombre-de-vehicules","cl_rule":"show","col":6,"values":[{"label":"1 car","value":"1 v\u00e9hicule","price":"","pimage":"","pimage_id":"","pthumb":"","gt_translate_keys":["label"]},{"label":"2 cars","value":"2 v\u00e9hicules","price":"","pimage":"","pimage_id":"","pthumb":"","gt_translate_keys":["label"]},{"label":"3 cars","value":"3 v\u00e9hicules","price":"","pimage":"","pimage_id":"","pthumb":"","gt_translate_keys":["label"]},{"label":"4 cars","value":"4 v\u00e9hicules","price":"","pimage":"","pimage_id":"","pthumb":"","gt_translate_keys":["label"]},{"label":"5 cars","value":"5 v\u00e9hicules","price":"","pimage":"","pimage_id":"","pthumb":"","gt_translate_keys":["label"]},{"label":"6 cars","value":"6 v\u00e9hicules","price":"","pimage":"","pimage_id":"","pthumb":"","gt_translate_keys":["label"]},{"label":"7 cars","value":"7 v\u00e9hicules","price":"","pimage":"","pimage_id":"","pthumb":"","gt_translate_keys":["label"]},{"label":"8 cars","value":"8 v\u00e9hicules","price":"","pimage":"","pimage_id":"","pthumb":"","gt_translate_keys":["label"]},{"label":"9 cars","value":"9 v\u00e9hicules","price":"","pimage":"","pimage_id":"","pthumb":"","gt_translate_keys":["label"]},{"label":"10 cars","value":"10 v\u00e9hicules","price":"","pimage":"","pimage_id":"","pthumb":"","gt_translate_keys":["label"]},{"label":"11 cars","value":"11 v\u00e9hicules","price":"","pimage":"","pimage_id":"","pthumb":"","gt_translate_keys":["label"]},{"label":"12 cars","value":"12 v\u00e9hicules","price":"","pimage":"","pimage_id":"","pthumb":"","gt_translate_keys":["label"]},{"label":"13 cars","value":"13 v\u00e9hicules","price":"","pimage":"","pimage_id":"","pthumb":"","gt_translate_keys":["label"]},{"label":"14 cars","value":"14 v\u00e9hicules","price":"","pimage":"","pimage_id":"","pthumb":"","gt_translate_keys":["label"]},{"label":"15 cars","value":"15 v\u00e9hicules","price":"","pimage":"","pimage_id":"","pthumb":"","gt_translate_keys":["label"]},{"label":"16 cars","value":"16 v\u00e9hicules","price":"","pimage":"","pimage_id":"","pthumb":"","gt_translate_keys":["label"]},{"label":"17 cars","value":"17 v\u00e9hicules","price":"","pimage":"","pimage_id":"","pthumb":"","gt_translate_keys":["label"]},{"label":"18 cars","value":"18 v\u00e9hicules","price":"","pimage":"","pimage_id":"","pthumb":"","gt_translate_keys":["label"]},{"label":"19 cars","value":"19 v\u00e9hicules","price":"","pimage":"","pimage_id":"","pthumb":"","gt_translate_keys":["label"]},{"label":"20 cars","value":"20 v\u00e9hicules","price":"","pimage":"","pimage_id":"","pthumb":"","gt_translate_keys":["label"]}],"relations":false,"active":true,"tooltip":"","gt_translate_keys":["label","placeholder","tooltip"],"price_dependency":false,"cl_dependency":false,"value":""}],[{"type":"select","required":true,"elementId":"wcpa-select-1618511198333","label":"Type of car","placeholder":"Choose the type of car","priceOptions":"different_for_all","pricingType":"fixed","name":"type-de-voiture","cl_rule":"show","col":6,"values":[{"label":"Collectors\u2019 car","value":"Collection","price":"","pimage":"","pimage_id":"","pthumb":"","gt_translate_keys":["label"]},{"label":"Saloon","value":"Berline","price":"","pimage":"","pimage_id":"","pthumb":"","gt_translate_keys":["label"]},{"label":"Electric","value":"Electrique","price":"","pimage":"","pimage_id":"","pthumb":"","gt_translate_keys":["label"]},{"label":"City Car","value":"Citadine","price":"","pimage":"","pimage_id":"","pthumb":"","gt_translate_keys":["label"]}],"relations":false,"active":true,"tooltip":"","gt_translate_keys":["label","placeholder","tooltip"],"price_dependency":false,"cl_dependency":false,"value":""}],[{"type":"number","required":true,"elementId":"wcpa-number-1617386522405","label":"Estimated mileage","value":"1","pricingType":"fixed","min":"1","name":"kilometrage-estime","cl_rule":"show","col":"2","relations":false,"active":true,"tooltip":"","gt_translate_keys":["label","value","tooltip"],"price_dependency":false,"cl_dependency":false}]]}},"config":{"price_override":"","enable_recaptcha":true,"bind_quantity":false,"quantity_bind_formula":"","disp_summ_show_option_price":false,"disp_summ_show_product_price":false,"disp_summ_show_total_price":false,"disp_summ_show_fee":false,"disp_summ_show_discount":false,"summary_title":"","options_total_label":"Options Price","total_label":"Total","options_product_label":"Product Price","fee_label":"Fee","discount_label":"Discount","has_price":true,"has_quantity_formula":false},"mc_unit":1,"tax_rate":1,"tax_rate_real":0.2,"discount":{"percentage":0,"fixed":0},"design":{"conf":{"LabelPosition":"above","DescPosition":"above","UploadField":"custom_1","QuantityFieldStyle":"default"},"css":{"LeftLabelWidth":"120px"}},"formulas":[],"clones":false,"cartKey":false}},"_links":{"self":[{"href":"https:\/\/conciergerie-capferret.com\/en\/wp-json\/wp\/v2\/product\/16131","targetHints":{"allow":["GET"]}}],"collection":[{"href":"https:\/\/conciergerie-capferret.com\/en\/wp-json\/wp\/v2\/product"}],"about":[{"href":"https:\/\/conciergerie-capferret.com\/en\/wp-json\/wp\/v2\/types\/product"}],"wp:featuredmedia":[{"embeddable":true,"href":"https:\/\/conciergerie-capferret.com\/en\/wp-json\/wp\/v2\/media\/15990"}],"wp:attachment":[{"href":"https:\/\/conciergerie-capferret.com\/en\/wp-json\/wp\/v2\/media?parent=16131"}],"wp:term":[{"taxonomy":"product_cat","embeddable":true,"href":"https:\/\/conciergerie-capferret.com\/en\/wp-json\/wp\/v2\/product_cat?post=16131"},{"taxonomy":"product_tag","embeddable":true,"href":"https:\/\/conciergerie-capferret.com\/en\/wp-json\/wp\/v2\/product_tag?post=16131"}],"curies":[{"name":"wp","href":"https:\/\/api.w.org\/{rel}","templated":true}]}}